{"id":20663,"date":"2017-04-04T08:32:57","date_gmt":"2017-04-04T15:32:57","guid":{"rendered":"http:\/\/www.dragonframe.com\/?page_id=20663"},"modified":"2026-02-09T10:39:37","modified_gmt":"2026-02-09T18:39:37","slug":"dev","status":"publish","type":"page","link":"https:\/\/www.dragonframe.com\/de\/dev\/","title":{"rendered":"Downloads f\u00fcr den Entwicklungszweig"},"content":{"rendered":"<div class=\"pageTitle\">\n<h1>Entwicklungszweig <span class=\"white\">Downloads<\/span><\/h1>\n<\/div>\n\n\n\n<div class=\"sectionTitleBox\" style=\"border: none;\">\n<h1 class=\"sectionTitleBox\" style=\"text-align: left;\"><span style=\"color: #d99202;\">Dragonframe 2026.04<\/span>\u00a0Entwicklung<\/h1>\n<\/div>\n\n\n\n<div class=\"wp-block-columns is-layout-flex wp-container-core-columns-is-layout-9d6595d7 wp-block-columns-is-layout-flex\">\n<div class=\"wp-block-column is-layout-flow wp-block-column-is-layout-flow\" style=\"flex-basis:25%\">\n<div class=\"downloadButton\" data-no-translation=\"\"><a href='https:\/\/www.dragonframe.com\/download\/Dragonframe_2026.04.17584.pkg'>Dragonframe 2026.04.17584<br>macOS 11+<\/a><\/div>\n<\/div>\n\n\n\n<div class=\"wp-block-column is-layout-flow wp-block-column-is-layout-flow\" style=\"flex-basis:25%\">\n<div class=\"downloadButton\" data-no-translation=\"\"><a href='https:\/\/www.dragonframe.com\/download\/Dragonframe_2026.04.17584-Setup.exe'>Dragonframe 2026.04.17584<br>Windows 10+ (64-Bit only)<\/a><\/div>\n<\/div>\n\n\n\n<div class=\"wp-block-column is-layout-flow wp-block-column-is-layout-flow\" style=\"flex-basis:25%\">\n<div class=\"downloadButton\" data-no-translation=\"\"><a href='https:\/\/www.dragonframe.com\/download\/dragonframedev2026b_2026.04.17434_amd64.deb'>Dragonframe 2026.04.17434<br>Ubuntu 22.04+ 64-Bit<\/a><\/div>\n<\/div>\n\n\n\n<div class=\"wp-block-column is-layout-flow wp-block-column-is-layout-flow\" style=\"flex-basis:25%\">\n<div class=\"downloadButton\" data-no-translation=\"\"><a href='https:\/\/www.dragonframe.com\/download\/dragonframedev2026b-2026.04.17434-1.x86_64.rpm'>Dragonframe 2026.04.17434<br>Fedora 36+ 64-Bit<\/a><\/div>\n<\/div>\n<\/div>\n\n\n\n<div class=\"wp-block-columns is-layout-flex wp-container-core-columns-is-layout-9d6595d7 wp-block-columns-is-layout-flex\">\n<div class=\"wp-block-column is-layout-flow wp-block-column-is-layout-flow\">\n<div class=\"notes\">\n<h2>Versionshinweise<\/h2>\n<div style=\"display: none;\"><div class='subText'><h3>Dragonframe 2026.04.17584<\/h3>2026.04.17584\r<br\/>* Der DMC-Lite-Code verbessert die Behandlung von USB-Unterbrechungen bei externer Stromversorgung.\r<br\/>* Unterst\u00fctzung f\u00fcr Sony-Modelle mit dem angeh\u00e4ngten Buchstaben \"A\" im Namen hinzugef\u00fcgt.\r<br\/>\r<br\/>2026.04.17437\r<br\/>* Zus\u00e4tzliche Protokollierung zur Fehlerbehebung bei Problemen mit der Dateiauswahl f\u00fcr den Filmexport hinzugef\u00fcgt.\r<br\/>\r<br\/>2026.04.17434\r<br\/>* macOS: Behebung eines Audioausfalls unter macOS 26\r<br\/>* Windows: Verbesserte Geschwindigkeit der D3D11-Videodekodierung\r<br\/>\r<br\/>2026.04.17405\r<br\/>* Bei Verwendung integrierter Grafikkarten sollte eine sinnvolle RAM-Menge f\u00fcr Referenzebenentexturen ermittelt werden.\r<br\/>* Windows: Korrektur von Frame-Fehlern und Bildauff\u00fcllung durch hardwarebeschleunigte Dekodierung der D3D-Referenzebene\r<br\/>* Ein m\u00f6glicher Absturz beim Wechsel des Ger\u00e4tetyps der Bewegungssteuerungsverbindung wurde behoben.\r<br\/>\r<br\/>2026.04.17383\r<br\/>* macOS LibUSB-Kameraverbindung \u2013 Versuch, die unterbrochene Kommunikation wiederherzustellen\r<br\/>\r<br\/>2026.04.17375\r<br\/>* Die Ansicht ausgeblendeter Frames in der Zeitleiste wurde aktualisiert, um sie besser sichtbar zu machen.\r<br\/>* Stellen Sie sicher, dass die schwebende Werkzeugpalette immer innerhalb der Grenzen der Animationsansicht bleibt.\r<br\/>* Stellen Sie sicher, dass die Schrittfolge auch dann funktioniert, wenn das Audioger\u00e4t die Wiedergabe nicht startet.\r<br\/>* Grafikfehler auf Windows 11 ARM-Rechnern behoben\r<br\/>\r<br\/>2026.04.17322\r<br\/>* Feste Kamera verbindet sich automatisch mit mehreren Kameras\r<br\/>* Zeigt dem Benutzer Fehlermeldungen an, wenn XML-Importe fehlschlagen.\r<br\/>* Definition f\u00fcr Prolights ECL Cyclorama-Leuchten hinzugef\u00fcgt\r<br\/>* BriteQ Profile HD- und Profile WW-Ger\u00e4tedefinitionen hinzugef\u00fcgt\r<br\/>\r<br\/>2026.04.17290\r<br\/>* Windows \u2013 Ein potenzieller Absturz beim Verschieben von Arbeitsbereichen zwischen Fenstern wurde behoben.\r<br\/>* Zeigt eine Meldung auf dem Bildschirm an, wenn der Benutzer mit gedr\u00fcckter Alt-\/Wahltaste auf Frames klickt, um diese ein-\/auszublenden.\r<br\/>\r<br\/>2026.04.17272\r<br\/>* DMX-Festversatz f\u00fcr Universum-, Wartungs- und Blip-Men\u00fcs\r<br\/>* Verhindern, dass ein Haltepunkt durch ausgeblendete Frames gezogen wird\r<br\/>* Verhindern Sie, dass ausgeblendete Frames im \u00dcberschreibungsmodus verschoben werden k\u00f6nnen.\r<br\/>* Webcam-Geschwindigkeit bei Einstellungsparametern\r<br\/>* Moco-Protokollierungsfenster entfernen\r<br\/>\r<br\/>2026.04.17184\r<br\/>* Korrekte Definitionen f\u00fcr ARRI-Leuchten wiederhergestellt.\r<br\/>* Nanlite Forza 60B II wurde ein Effektmodus hinzugef\u00fcgt.\r<br\/>* Linux aktualisiert automatisch die udev-Regeln f\u00fcr virtuelle COM-Port-Ger\u00e4te\r<br\/>\r<br\/>2026.04.17164\r<br\/>* Erm\u00f6glichen Sie die Verwendung der Wiedergabetaste (0) \u00fcber den Ziffernblock im Audioarbeitsbereich.\r<br\/>* Ein potenzieller Absturz wurde behoben, der auftrat, wenn macOS den Namen der Digitalkamera \u00e4nderte (\"Canon Digital Camera\" -&gt; \"Canon EOS 6D\").\r<br\/>* Unter Arch Linux zeigt Dragonframe die Ergebnisse der Aktualisierung vor dem Beenden an.\r<br\/>\r<br\/>2026.04.17150\r<br\/>* Problem behoben, das zum Absturz von macOS 26 beim Wechsel in den Ruhezustand f\u00fchrte.\r<br\/>* Versuch, die Referenzfilmdateien erneut zu verkn\u00fcpfen, wenn die Datei vor\u00fcbergehend verschwindet.\r<br\/>* Die Darstellung von Miniaturansichten in der Zeitleiste wurde verbessert, wenn die Skala auf Sekunden verkleinert wird.\r<br\/>* Speichern Sie Referenz-Filmminiaturen auf der Festplatte, um einen schnelleren Zugriff zu erm\u00f6glichen.\r<br\/>* Der Fehler mit der automatischen Umschaltfunktion in Arc wurde behoben, die f\u00e4lschlicherweise den Umschaltmodus \u00e4nderte.\r<br\/>\r<br\/>2026.04.17125\r<br\/>* DMX: Korrekte Behandlung von Gruppen-Solo\/Ein\/Aus mit Ger\u00e4te-Unterger\u00e4ten\r<br\/>* Automatisches Speichern w\u00e4hrend der Bewegungssteuerung beim Joggen\/Browsen deaktivieren\r<br\/>* \u00dcberarbeitung der Kamera-Freeze-Pr\u00fcfung zur Vermeidung von Fehlalarmen\r<br\/>\r<br\/>2026.04.17111\r<br\/>* DMX: Definitionen f\u00fcr Nanlux Storm 400X- und 700X-Scheinwerfer hinzugef\u00fcgt.\r<br\/>* DMX: Leistungseinbu\u00dfen bei hoher Keyframe-Dichte behoben. Neue Leistungsverbesserungen beim Rendering hinzugef\u00fcgt.\r<br\/>* DMX: Fehler bei \"Keyframe vorher einf\u00fcgen\" im Tabellenmodus behoben\r<br\/>\r<br\/>2026.04.17090\r<br\/>* Die Schaltfl\u00e4che 'BASH' in der Kinematografie wurde ge\u00e4ndert und ein Fehler behoben, durch den sie zwar anklickbar, aber nicht sichtbar war.\r<br\/>\r<br\/>2026.04.17064\r<br\/>* OSC-Meldungen zum Festlegen von Achsenbegrenzungen, Nullpunkt und Referenzpunkt hinzugef\u00fcgt.\r<br\/>\r<br\/>2026.04.17050\r<br\/>* Ein potenzieller Absturz beim Arri Image SDK auf Intel Xeon Prozessoren wurde behoben.\r<br\/>* Problem beim Laden von HEIF-Dateien behoben und Unterst\u00fctzung f\u00fcr Windows und Linux hinzugef\u00fcgt\r<br\/>* Autofokus f\u00fcr Fujifilm-Kameras hinzugef\u00fcgt\r<br\/>\r<br\/>2026.04.17032\r<br\/>* Live-View-Vergr\u00f6\u00dferung des Fujifilm-Griffs im 35-mm-Crop-Modus\r<br\/>* Fujifilm warnt den Benutzer, wenn er sich im falschen Film-\/Standbildmodus befindet.\r<br\/>\r<br\/>2026.04.17027\r<br\/>* Sony A7 V hinzugef\u00fcgt (ungetestet)\r<br\/>* DMX stellt sicher, dass das Bearbeitungsfeld f\u00fcr Name, Kanal oder Wert an der richtigen Stelle angezeigt wird und mit dem Benutzer scrollt.\r<br\/>\r<br\/>2026.04.17022\r<br\/>* Fehler beim A\/B-Test behoben, der auftrat, wenn beide Bilder gedreht wurden\r<br\/>* Problem behoben, bei dem das A\/B-Tool im DMX-Arbeitsbereich nicht korrekt dargestellt wurde\r<br\/>\r<br\/>2026.04.17018\r<br\/>* Das A\/B-Tool kann Bilder mit unterschiedlichen Ausrichtungen verarbeiten.\r<br\/>* Stellen Sie sicher, dass die Schieberegler der schwebenden Palette nach dem Ausblenden keine Mausber\u00fchrungen mehr empfangen.\r<br\/>* Die Nanlux Evoke 600C-Leuchte wurde hinzugef\u00fcgt.\r<br\/>* DMX: Die Option 'Geerbte Kan\u00e4le zusammenf\u00fchren' wurde dem Programmmen\u00fc hinzugef\u00fcgt.\r<br\/><\/div><\/div>\n<\/div>\n<\/div>\n\n\n\n<div class=\"wp-block-column is-layout-flow wp-block-column-is-layout-flow\">\n<div class=\"notes\">\n<h2>Neu im April 2026<\/h2>\n<div style=\"display: none;\">\n<ul>\n <li>Die Darstellung von Miniaturansichten in der Zeitleiste wurde verbessert, wenn die Skala auf Sekunden verkleinert wird.<\/li>\n<li>Speichern Sie Referenz-Filmminiaturen auf der Festplatte, um einen schnelleren Zugriff zu erm\u00f6glichen.<\/li>\n  <li>DMX: Die Option \u2018Geerbte Kan\u00e4le zusammenf\u00fchren\u2019 wurde dem Programmmen\u00fc hinzugef\u00fcgt.<\/li>\n \t<li>Wir arbeiten daran, den meisten Kameras eine Autofokus-Option f\u00fcr die anf\u00e4ngliche Fokussierung hinzuzuf\u00fcgen.<\/li>\n<\/ul>\n<\/div>\n<\/div>\n<\/div>\n<\/div>\n\n\n\n<div class=\"sectionTitleBox\" style=\"border: none;\">\n<h1 class=\"sectionTitleBox\" style=\"text-align: left;\"><span style=\"color: #d99202;\">Dragonframe 2026.01<\/span>\u00a0Entwicklung<\/h1>\n<\/div>\n\n\n\n<div class=\"wp-block-columns is-layout-flex wp-container-core-columns-is-layout-9d6595d7 wp-block-columns-is-layout-flex\">\n<div class=\"wp-block-column is-layout-flow wp-block-column-is-layout-flow\" style=\"flex-basis:25%\">\n<div class=\"downloadButton\" data-no-translation=\"\"><a href='https:\/\/www.dragonframe.com\/download\/Dragonframe_2026.01.17405.pkg'>Dragonframe 2026.01.17405<br>macOS 11+<\/a><\/div>\n<\/div>\n\n\n\n<div class=\"wp-block-column is-layout-flow wp-block-column-is-layout-flow\" style=\"flex-basis:25%\">\n<div class=\"downloadButton\" data-no-translation=\"\"><a href='https:\/\/www.dragonframe.com\/download\/Dragonframe_2026.01.17405-Setup.exe'>Dragonframe 2026.01.17405<br>Windows 10+ (64-Bit only)<\/a><\/div>\n<\/div>\n\n\n\n<div class=\"wp-block-column is-layout-flow wp-block-column-is-layout-flow\" style=\"flex-basis:25%\">\n<div class=\"downloadButton\" data-no-translation=\"\"><a href='https:\/\/www.dragonframe.com\/download\/dragonframedev2026a_2026.01.17405_amd64.deb'>Dragonframe 2026.01.17405<br>Ubuntu 22.04+ 64-Bit<\/a><\/div>\n<\/div>\n\n\n\n<div class=\"wp-block-column is-layout-flow wp-block-column-is-layout-flow\" style=\"flex-basis:25%\">\n<div class=\"downloadButton\" data-no-translation=\"\"><a href='https:\/\/www.dragonframe.com\/download\/dragonframedev2026a-2026.01.17405-1.x86_64.rpm'>Dragonframe 2026.01.17405<br>Fedora 36+ 64-Bit<\/a><\/div>\n<\/div>\n<\/div>\n\n\n\n<div class=\"wp-block-columns is-layout-flex wp-container-core-columns-is-layout-9d6595d7 wp-block-columns-is-layout-flex\">\n<div class=\"wp-block-column is-layout-flow wp-block-column-is-layout-flow\">\n<div class=\"notes\">\n<h2>Versionshinweise<\/h2>\n<div style=\"display: none;\"><div class='subText'><h3>Dragonframe 2026.01.17405<\/h3>2026.01.17405\r<br\/>* Feste Kamera verbindet sich automatisch mit mehreren Kameras\r<br\/>* Windows: Korrektur von Frame-Fehlern und Bildauff\u00fcllung durch hardwarebeschleunigte Dekodierung der D3D-Referenzebene\r<br\/>* Ein m\u00f6glicher Absturz beim Wechsel des Ger\u00e4tetyps der Bewegungssteuerungsverbindung wurde behoben.\r<br\/>\r<br\/>2026.01.17290\r<br\/>* Windows \u2013 Ein potenzieller Absturz beim Verschieben von Arbeitsbereichen zwischen Fenstern wurde behoben.\r<br\/>\r<br\/>2026.01.17275\r<br\/>* DMX \u2013 Offset f\u00fcr Universum-, Wartungs- und Blip-Men\u00fcs korrigiert\r<br\/>* Zeitleiste \u2013 Problem beim Ziehen ausgeblendeter Frames behoben\r<br\/>* Linux \u2013 Das Installationsprogramm f\u00fcgt FTDI-udev-Regeln hinzu, damit DMC-Ger\u00e4te eine Verbindung herstellen k\u00f6nnen.\r<br\/>* Ein potenzieller Absturz wurde behoben, der auftrat, wenn die Kamera mehrmals mit unterschiedlichen Namen angezeigt wurde (macOS-Fehler).\r<br\/>\r<br\/>2026.01.17150\r<br\/>* Behoben: macOS 26-Absturz beim Wechsel in den Ruhezustand im Vollbildmodus.\r<br\/>* Der Fehler mit der automatischen Umschaltfunktion in Arc wurde behoben, die f\u00e4lschlicherweise den Umschaltmodus \u00e4nderte.\r<br\/>\r<br\/>2026.01.17125\r<br\/>* DMX: Korrekte Behandlung von Gruppen-Solo\/Ein\/Aus mit Ger\u00e4te-Unterger\u00e4ten\r<br\/>* DMX: Leistungseinbu\u00dfen bei hoher Keyframe-Dichte behoben. Neue Leistungsverbesserungen beim Rendering hinzugef\u00fcgt.\r<br\/>* Problem mit der Schaltfl\u00e4che 'BASH' in der Kinematografie behoben, bei der sie zwar anklickbar, aber nicht sichtbar war.\r<br\/>\r<br\/>2026.01.17068\r<br\/>* DMX stellt sicher, dass das Bearbeitungsfeld f\u00fcr Name, Kanal oder Wert an der richtigen Stelle angezeigt wird und mit dem Benutzer scrollt.\r<br\/>* Ein potenzieller Absturz beim Arri Image SDK auf Intel Xeon Prozessoren wurde behoben.\r<br\/>* Problem beim Laden von HEIF-Dateien behoben und Unterst\u00fctzung f\u00fcr Windows und Linux hinzugef\u00fcgt\r<br\/>\r<br\/>2026.01.17018\r<br\/>* DMX: Beim Duplizieren eines Programms wird es nun unter demselben \u00fcbergeordneten Programm wie das Original platziert.\r<br\/>\r<br\/>2026.01.16994\r<br\/>* DMX: Creamsource Vortex8 hinzugef\u00fcgt\r<br\/>* Problem mit der CUDA-Videodateidekodierung bei Filmen mit ungerader Gr\u00f6\u00dfe behoben\r<br\/>* Belichtungsreihenfunktion bei Nikon-Kameras deaktivieren\r<br\/>\r<br\/>2026.01.16970\r<br\/>* Behobener Fehler bei der NDI-Wiedergabe, der zu fehlerhaften Frame-Ausgaben f\u00fchrte.\r<br\/>* Behobener Fehler bei der VAAPI-Videoassistenzdekodierung\r<br\/>\r<br\/>2026.01.16940\r<br\/>* Aktualisierte \u00dcbersetzungen\r<br\/>* Die Bezeichnung 'Bash Light' wurde aus Gr\u00fcnden der Einheitlichkeit in 'Work Light' ge\u00e4ndert.\r<br\/>* Der Befehl \u201eBeenden\u201c unter macOS funktioniert nun auch bei italienischer Benutzeroberfl\u00e4che wieder einwandfrei.\r<br\/>\r<br\/>2026.01.16903\r<br\/>* Unter Windows sollte, falls verf\u00fcgbar, CUDA\/NVDEC zur Videodekodierung verwendet werden.\r<br\/>* Unter Windows sollte die hardwarebeschleunigte D3D11-Decodierung anstelle von DXVA2 verwendet werden.\r<br\/>* Problem mit dem Laden der anf\u00e4nglichen Szenenvorschau im Begr\u00fc\u00dfungsbildschirm behoben\r<br\/>* Aktualisierte \u00dcbersetzungen\r<br\/>\r<br\/>2026.01.16860\r<br\/>* Problem mit der Wiedergabe-Frame-Dekodierung von NVIDIA NVDEC behoben, um Verz\u00f6gerungen zu beseitigen\r<br\/>* NVIDIA NVDEC-Referenzschicht-Dekodierung unter Linux hinzugef\u00fcgt\r<br\/>\r<br\/>2026.01.16847\r<br\/>* Audio \u2013 Unterst\u00fctzung f\u00fcr Scrollgesten im Bereich \u201eGruppennamen\u201c von FaceSets hinzugef\u00fcgt.\r<br\/>* DMX \u2013 Problem beim Bearbeiten des Kanalnamens beim Scrollen behoben\r<br\/>* Ein weiterer Fehler bei NVidia RTX im Arbeitsbereich \u201eCinematography\u201c wurde behoben.\r<br\/>* Die Bedienungsanleitung wurde mit den meisten neuen Funktionen aktualisiert.\r<br\/>* Hinzuf\u00fcgung der hardwarebeschleunigten Video-Assist-Dekodierung von NVIDIA unter Windows und Linux\r<br\/>* Hinzugef\u00fcgt: Hardwarebeschleunigte Video-Assist-Dekodierung mittels VAAPI unter Linux\r<br\/>* Hinzugef\u00fcgt: Hardwarebeschleunigte VAAPI-Referenzfilmdekodierung unter Linux\r<br\/>\r<br\/>2026.01.16814\r<br\/>* Neue Tastenkombination f\u00fcr \"Abspielkopf zur n\u00e4chstgelegenen programmierten Position bewegen\" hinzugef\u00fcgt\"\r<br\/>* Problem behoben, bei dem die neue Funktion das letzte Bild der Sequenz nicht korrekt auswertete.\r<br\/>\r<br\/>2026.01.16810\r<br\/>* Arc: Es wurde die Schaltfl\u00e4che &quot;Abspielkopf zur n\u00e4chstgelegenen Online-Position bewegen&quot; hinzugef\u00fcgt, damit Sie den Abspielkopf nicht mehr hin und her ziehen m\u00fcssen, um Ihre &quot;im Bild&quot;-Position zu finden.\r<br\/>* Arc: Dem Achsengruppenmen\u00fc wurden weitere Funktionen hinzugef\u00fcgt: \"Nullpunkt setzen\", \"Referenzpunkt setzen\", \"Grenzwerte deaktivieren\"\r<br\/>* Die Option &quot;Anti-Flimmern&quot; (Stromnetzfrequenz) wurde f\u00fcr Webcams auf allen drei Plattformen hinzugef\u00fcgt.\r<br\/>* DMX: Weitere Leistungsverbesserungen beim Rendern\r<br\/>\r<br\/>2026.01.16784\r<br\/>* Potenzielles Deadlock-Problem unter Linux mit der Systemzwischenablage behoben\r<br\/>* Referenzbildsequenz-Proxys und Thumbnails werden nun im Szenenordner anstatt in einem tempor\u00e4ren Ordner gespeichert, sodass sie nicht jedes Mal beim \u00d6ffnen der Szene neu erstellt werden m\u00fcssen.\r<br\/>* Panoramakameras k\u00f6nnen die Live-View-Vergr\u00f6\u00dferungspositionen als Schwenk-\/Neigemarkierungen nutzen, um die Betrachtung verschiedener Bildbereiche zu erleichtern.\r<br\/>* Arc: Der standardm\u00e4\u00dfige 'Szenenverschiebungstest' kann durch 'L\u00f6schen' zur\u00fcckgesetzt werden.\r<br\/>\r<br\/>2026.01.16758\r<br\/>* Leistungsverbesserungen im Arc-Arbeitsbereich \u2013 verbesserte Wiedergabe von Bewegungstests\r<br\/>* Leistungsverbesserungen im DMX-Arbeitsbereich\r<br\/>* Unterst\u00fctzung f\u00fcr Insta360 X3\/X4\/X5 Panoramakameras\r<br\/>\r<br\/>2026.01.16700\r<br\/>* Grafikfehler im Arbeitsbereich \u201eCinematography\u201c mit Fokuswerkzeug und NVidia RTX A-Series-Grafikkarten behoben.\r<br\/>\r<br\/>2026.01.16662\r<br\/>* DMX: Ger\u00e4tedefinition f\u00fcr LiteGear LiteDimmer Spectrum DC200 hinzugef\u00fcgt\r<br\/>\r<br\/>2026.01.16658\r<br\/>* Unterst\u00fctzung f\u00fcr Nikon Z5 II behoben\r<br\/>* Beim Doppelklicken auf ein Bild im Arbeitsbereich \u201eCinematography\u201c wird der standardm\u00e4\u00dfige Systembetrachter f\u00fcr JPEG- und RAW-Bilder verwendet, sofern keine benutzerdefinierte Auswahl getroffen wurde.\r<br\/>* Die Optionen 'Schritt f\u00fcr Schritt nach Tags' und 'Schritt f\u00fcr Schritt nach Haltepunkten' wurden in das Wiedergabemen\u00fc verschoben.\r<br\/>* Die Option 'Nach Tags abspielen' wurde hinzugef\u00fcgt. Sie steuert, ob die Wiedergabe ge\u00e4ndert wird, wenn 'Schritt f\u00fcr Schritt nach Tags' verwendet wird.\r<br\/>* Behobene Probleme mit dem Dialog zum Importieren von Bildsequenzen bei Verwendung des horizontalen Schiebereglers zur Anpassung des Anzeigebereichs\r<br\/>\r<br\/>2026.01.16638\r<br\/>* Hinzugef\u00fcgt: Canon EOS R50 V\r<br\/>* Hinzugef\u00fcgt: Canon, EOS, R6, Mark III\r<br\/>* Hinzugef\u00fcgt wurden Panasonic DC-S1 II, DC-S1 IIE und DC-S1R II\r<br\/>\r<br\/>2026.01.16615\r<br\/>* Unterst\u00fctzung f\u00fcr Ricoh Theta X und Z1 \u00fcber das Google Open Sphere Camera-Protokoll hinzugef\u00fcgt.\r<br\/>* Die DMX-Kanalgruppenfarbe kann \u00fcberschrieben werden\r<br\/>* DMX-Gruppenk\u00f6pfe k\u00f6nnen alle Solo- und Licht-Ein\/Aus-Funktionen f\u00fcr Mitglieder steuern.\r<br\/>\r<br\/>2026.01.16578\r<br\/>* Unterst\u00fctzung f\u00fcr Nikon ZR und Z5 II hinzugef\u00fcgt.\r<br\/>* Dummy-Aufnahme als einzige Aufnahmequelle zulassen\r<br\/>\r<br\/>2026.01.16575\r<br\/>* Stellen Sie sicher, dass der digitale Fokuswert beim Dr\u00fccken der Fokuspfeile aktualisiert wird.\r<br\/>* Kleine Leistungsverbesserungen\r<br\/>* Ein m\u00f6glicher Absturz beim Abziehen der Kamera beim Wechsel in den libUSB-Modus wurde behoben.\r<br\/>* Potenzieller Absturz w\u00e4hrend der Aufnahme behoben (Regression)\r<br\/>\r<br\/>2026.01.16556\r<br\/>* OSC: Sende Playback-Frames von DMX und Arc (zus\u00e4tzlich zu Ani)\r<br\/>* OSC: PlaybackAxis-Positionen beim Senden von Playback-Frames einschlie\u00dfen, wenn 'Motorpositionen senden' ausgew\u00e4hlt ist\r<br\/>\r<br\/>2026.01.16538\r<br\/>* Umfassende \u00dcberarbeitung der Gesichtssatzbilder, um gr\u00f6\u00dfere Bilder mit nicht quadratischen Seitenverh\u00e4ltnissen zu erm\u00f6glichen\r<br\/>--* Jede Gesichtsset-Vorschau kann ausgeblendet werden (verwenden Sie das Augensymbol f\u00fcr den Charakter)\r<br\/>--* Nicht quadratische Gesichtss\u00e4tze k\u00f6nnen als Quadrate in der Vorschau angezeigt werden, um bei mehreren Zeichen Platz zu sparen (fahren Sie mit der Maus \u00fcber die Vorschau und klicken Sie auf das Quadratsymbol).\r<br\/>\r<br\/>2026.01.16474\r<br\/>* DMX-Option \u201eProgramm l\u00f6schen\u201c hinzugef\u00fcgt, um alle Keyframes auf allen Kan\u00e4len zu l\u00f6schen.\r<br\/>* DMX-Kanal \u201eKeyframes l\u00f6schen\u201c hinzugef\u00fcgt, um Keyframes auf ausgew\u00e4hlten Kan\u00e4len zu l\u00f6schen.\r<br\/>* Stellen Sie sicher, dass die DMX-Anpassungsebene nicht gesperrt werden kann oder das Abzeichen aktiviert ist\r<br\/>* Stellen Sie sicher, dass Magic Notes von Notepad das X-Sheet nach \u00c4nderungen immer aktualisieren\r<br\/>\r<br\/>2026.01.16466\r<br\/>* Die Audio-Benutzeroberfl\u00e4che kann viele Untergruppen von Gesichtss\u00e4tzen verarbeiten, indem sie Ihnen das Scrollen erm\u00f6glicht\r<br\/>\r<br\/>2026.01.16464\r<br\/>* Ximea behebt einen m\u00f6glichen Absturz, wenn die Verbindung zum Ger\u00e4t verloren geht\r<br\/>\r<br\/>2026.01.16453\r<br\/>* Verbesserte Leistung mit Ximea-Ger\u00e4ten<\/div><\/div>\n<\/div>\n<\/div>\n\n\n\n<div class=\"wp-block-column is-layout-flow wp-block-column-is-layout-flow\">\n<div class=\"notes\">\n<h2>Neu in 2026.01<\/h2>\n<div style=\"display: none;\">\n<ul>\n \t<li>\u00dcberarbeitete Ximea-Erfassungsquelle f\u00fcr verbesserte Leistung<\/li>\n<li>Umfassende \u00dcberarbeitung der Gesichtssatzbilder, um gr\u00f6\u00dfere Bilder mit nicht quadratischen Seitenverh\u00e4ltnissen zu erm\u00f6glichen\n<ul><li>Jede Gesichtsset-Vorschau kann ausgeblendet werden (verwenden Sie das Augensymbol f\u00fcr den Charakter).<\/li>\n<li>Nicht quadratische Gesichtss\u00e4tze k\u00f6nnen als Quadrate in der Vorschau angezeigt werden, um bei mehreren Zeichen Platz zu sparen (fahren Sie mit der Maus \u00fcber die Vorschau und klicken Sie auf das Quadratsymbol).<\/li>\n<\/ul><\/li>\n<li>Dem Wiedergabemen\u00fc wurde die Option \u2018Nach Tags abspielen\u2019 hinzugef\u00fcgt, um zu steuern, ob die Wiedergabe der Auswahl \u2018Schritt f\u00fcr Schritt nach Tags\u2019 entspricht.<\/li>\n<li>Die Optionen \u2018Schritt f\u00fcr Schritt nach Tags\u2019 und \u2018Schritt f\u00fcr Schritt nach Haltepunkten\u2019 wurden in das Wiedergabemen\u00fc verschoben.<\/li>\n<li>Wesentliche Verbesserungen der Wiedergabeleistung in DMX und Arc<\/li>\n<li>Unterst\u00fctzung f\u00fcr Panoramakameras, Insta360 X3\/X4\/X5 und Ricoh Theta X\/Z1, mit Unterst\u00fctzung f\u00fcr sph\u00e4rische Ansichten.<\/li>\n<li>Referenz-Hardwarebeschleunigung unter Linux \u00fcber VAAPI (f\u00fcr AMD\/Intel) oder NVDEC (f\u00fcr NVIDIA) mittels Zero-Copy-Texturtransfer. Dadurch wird die Leistung auf das Niveau von macOS- und Windows-Implementierungen gebracht.<\/li>\n<li>NVDEC\/NVIDIA-Videoassistenzdekodierung unter Windows und Linux f\u00fcr Systeme ohne Intel-Prozessor<\/li>\n<\/ul>\n<\/div>\n<\/div>\n<\/div>\n<\/div>\n\n\n\n<div class=\"sectionTitleBox\" style=\"border: none;\">\n<h1 class=\"sectionTitleBox\"><span style=\"color: #d99202;\">DMC-32\/DMC-16\/DMC+<\/span> Ressourcen<\/h1>\n<\/div>\n\n\n\n<div class=\"wp-block-columns is-layout-flex wp-container-core-columns-is-layout-9d6595d7 wp-block-columns-is-layout-flex\">\n<div class=\"wp-block-column is-layout-flow wp-block-column-is-layout-flow\" style=\"flex-basis:25%\">\n<p class=\"downloadHeader\">DMC-32-Firmware<\/p>\n<div class=\"downloadButton\" data-no-translation=\"\"><a href=\"https:\/\/www.dragonframe.com\/download\/DMC32-4.8.5b.flash.zip\">DMC32-4.8.5b.flash.zip<\/a><\/div>\n<\/div>\n\n\n\n<div class=\"wp-block-column is-layout-flow wp-block-column-is-layout-flow\" style=\"flex-basis:25%\">\n<p class=\"downloadHeader\">zDMC-Firmware f\u00fcr DF4+<\/p>\n<div class=\"downloadButton\" data-no-translation=\"\"><a href=\"https:\/\/www.dragonframe.com\/download\/zDMC-4.8.5.flash.zip\">zDMC-4.8.5.flash.zip<\/a><\/div>\n<p style=\"font-size: 11px; line-height: 15px;\">F\u00fcr DMC-16 oder DMC+ mit \u201ez\u201c-Upgradekarte. Der Status \u201eSzene|Verbindungen\u201c zeigt \u201ezDMC-16\u201c oder \u201ezDMC+\u201c.<\/p>\n<\/div>\n<\/div>","protected":false},"excerpt":{"rendered":"<p>Downloads des Entwicklungszweigs Dragonframe 2026.04 Versionshinweise Neu in 2026.04: Verbesserte Darstellung von Miniaturansichten in der Zeitleiste bei Verkleinerung des Ma\u00dfstabs auf Sekunden. Speichern von Referenzfilmminiaturen auf der Festplatte f\u00fcr schnelleren Zugriff. DMX: \u2018Geerbte Kan\u00e4le zusammenf\u00fchren\u2019 zum Programmmen\u00fc hinzugef\u00fcgt. Es wird daran gearbeitet, Autofokus-Optionen f\u00fcr die meisten Kameras zur initialen Fokussierung hinzuzuf\u00fcgen. Dragonframe 2026.01 Entwicklungsversion \u2026 <a title=\"Downloads f\u00fcr den Entwicklungszweig\" class=\"read-more\" href=\"https:\/\/www.dragonframe.com\/de\/dev\/\" aria-label=\"Weitere Informationen \u00fcber Development Branch Downloads\">Mehr lesen<\/a><\/p>","protected":false},"author":1,"featured_media":0,"parent":0,"menu_order":0,"comment_status":"closed","ping_status":"closed","template":"","meta":{"footnotes":""},"class_list":{"0":"post-20663","1":"page","2":"type-page","3":"status-publish","5":"no-featured-image-padding"},"_links":{"self":[{"href":"https:\/\/www.dragonframe.com\/de\/wp-json\/wp\/v2\/pages\/20663","targetHints":{"allow":["GET"]}}],"collection":[{"href":"https:\/\/www.dragonframe.com\/de\/wp-json\/wp\/v2\/pages"}],"about":[{"href":"https:\/\/www.dragonframe.com\/de\/wp-json\/wp\/v2\/types\/page"}],"author":[{"embeddable":true,"href":"https:\/\/www.dragonframe.com\/de\/wp-json\/wp\/v2\/users\/1"}],"replies":[{"embeddable":true,"href":"https:\/\/www.dragonframe.com\/de\/wp-json\/wp\/v2\/comments?post=20663"}],"version-history":[{"count":14,"href":"https:\/\/www.dragonframe.com\/de\/wp-json\/wp\/v2\/pages\/20663\/revisions"}],"predecessor-version":[{"id":72271,"href":"https:\/\/www.dragonframe.com\/de\/wp-json\/wp\/v2\/pages\/20663\/revisions\/72271"}],"wp:attachment":[{"href":"https:\/\/www.dragonframe.com\/de\/wp-json\/wp\/v2\/media?parent=20663"}],"curies":[{"name":"wp","href":"https:\/\/api.w.org\/{rel}","templated":true}]}}