{"id":19346,"date":"2017-03-22T11:21:19","date_gmt":"2017-03-22T18:21:19","guid":{"rendered":"http:\/\/dev.dragonframe.com\/?page_id=19346"},"modified":"2025-12-08T16:23:22","modified_gmt":"2025-12-09T00:23:22","slug":"camera-setup","status":"publish","type":"page","link":"https:\/\/www.dragonframe.com\/de\/camera-setup\/","title":{"rendered":"Anweisungen zum Einrichten der Kamera"},"content":{"rendered":"<div class=\"pageTitle\">\n<h1> <span><\/span><\/h1>\n<\/div>\n\n\n\n<div class=\"wp-block-columns alignfull has-background is-layout-flex wp-container-core-columns-is-layout-9d6595d7 wp-block-columns-is-layout-flex\" style=\"background-color:#363636\">\n<div class=\"wp-block-column is-layout-flow wp-block-column-is-layout-flow\">\n<div style=\"background-color: #fff;\"><div class='cameraTitle' data-no-translation><span>Ximea xiQ<\/span><\/div>\n<div style='padding: 10px 0 10px 0; text-align: center;' data-no-translation><img loading='eager' src='\/camera-images\/.jpg' width='260' height='260' alt='Ximea xiQ'\/><\/div>\n<div class='cameraDescr'><span data-no-translation>Ximea xiQ<\/span> Einrichtungsanleitung f\u00fcr Stop-Motion-Animation oder Zeitrafferfotografie mit Dragonframe<\/div><\/div>\n<\/div>\n\n\n\n<div class=\"wp-block-column is-layout-flow wp-block-column-is-layout-flow\">\n<div style=\"padding: 20px 10px;\"><h4 class='cameraHeader'>Unterst\u00fctzte Versionen<\/h4><p>Erfordert Dragonframe 4.3.4 oder neuer. (5.x, 2024.x, 2025.x sind neuer).<\/p><h4 class='cameraHeader'>Live\u00fcbertragung<\/h4><p>Das <b><span data-no-translation>Ximea xiQ<\/span><\/b> bietet eine Live-Ansicht \u00fcber seinen USB-Anschluss. Die Gr\u00f6\u00dfe der Live-Ansicht h\u00e4ngt vom Modell innerhalb der Serie ab.<\/p><h4 class='cameraHeader'>Kameraeinstellungen<\/h4><p>Dragonframe steuert die <span data-no-translation>Ximea xiQ<\/span> ISO, Verschlusszeit und Wei\u00dfabgleich.<\/p><\/div>\n<\/div>\n\n\n\n<div class=\"wp-block-column is-layout-flow wp-block-column-is-layout-flow\">\n<div style=\"padding: 20px 10px;\"><h4 class='cameraHeader'>Produktinformation<\/h4><p class='translation-block'>Das <a href='https:\/\/www.ximea.com\/en\/usb3-vision-camera\/xiq'>Ximea xiQ-Handbuch und<\/a> die technischen Daten finden Sie auf der Ximea-Website.<\/p><\/div>\n<\/div>\n<\/div>\n\n\n\n<div class=\"sectionTitleBox\" style=\"border: none;\">\n<h1 class=\"sectionTitleBox\" style=\"background-color: transparent;\"><span style=\"color: #d89222;\">Installieren<\/span> Anweisungen<\/h1>\n<\/div>\n<div class=\"instructions\">\n<ol style=\"padding-left: 16px; margin-top: 4px; margin-bottom: 8px;\"><li class='translation-block translation-block'><a href=\"https:\/\/www.dragonframe.com\/wp-content\/uploads\/2019\/06\/CreateScene.png\" rel=\"iLightBox\" target=\"_self\" data-caption=\"\">Erstellen Sie eine neue Szene<\/a> oder \u00f6ffnen Sie eine vorhandene Szene. (Dragonframe stellt keine Verbindung zu Ihrer Kamera her, es sei denn, Sie haben eine Szene ge\u00f6ffnet.)<\/li><li><span class='translation-block'>Betreiben Sie Ihre Kamera nach M\u00f6glichkeit mit Wechselstrom oder verwenden Sie einen vollst\u00e4ndig aufgeladenen Akku.<\/span><\/li>\n            <li><span class='translation-block'>Schlie\u00dfen Sie alle anderen Anwendungen, die m\u00f6glicherweise eine Verbindung zu Ihrer Kamera herstellen.<\/span>\n            \t<ul>\n                \t<li class='translation-block'>\u2013 \u00d6ffnen Sie unter macOS <b>\u201eImage Capture\u201c<\/b> , w\u00e4hlen Sie Ihre Kamera aus und w\u00e4hlen Sie dann im Popup-Bereich unten links <b>\u201eVerbindungskamera \u00f6ffnet: Keine Anwendung\u201c<\/b> . <a data-fslightbox class='noAppGroup' href='\/wp-content\/uploads\/2025\/08\/ImageCapture2025.png'>(Siehe Bild)<\/a><\/li>\n                <\/ul>\n            <\/li>\n\t<li class='translation-block translation-block'>Stellen Sie sicher, dass <a rel=\"iLightbox\" class=\"dropboxGroup\" href=\"\/camera-images\/DisableDropbox.png\" target=\"_self\" data-caption=\"\">Dropbox kein Client der Kamera ist<\/a> .<\/li>\n        <li class='translation-block'>M\u00f6glicherweise m\u00fcssen Sie <b>Google Drive<\/b> beenden, da es die Kamera st\u00f6ren kann, auch wenn Sie die Synchronisierung deaktivieren.<\/li>\n\t<li class='translation-block'>Wenn Sie Antivirensoftware haben, setzen Sie Dragonframe auf die Whitelist, damit es auf Ihre Kamera zugreifen kann.<\/li><li class='translation-block'>Installieren Sie das Ximea-Softwarepaket f\u00fcr <a href='https:\/\/www.ximea.com\/support\/wiki\/apis\/XIMEA_macOS_Software_Package'>macOS<\/a> , <a href='https:\/\/www.ximea.com\/support\/wiki\/apis\/XIMEA_Windows_Software_Package'>Windows<\/a> oder <a href='https:\/\/www.ximea.com\/support\/wiki\/apis\/XIMEA_Linux_Software_Package'>Linux<\/a> .<\/li><li class='translation-block'>In den Einstellungen von Dragonframe <b>| Capture<\/b> , w\u00e4hlen <b>Sie Ximea-Modul aktivieren<\/b> und starten Sie Dragonframe neu.<\/li><li class='translation-block'>Verbinden Sie Ihre Kamera mit dem Computer mithilfe eines geeigneten <b>USB-Kabels<\/b> . (Befolgen Sie vorher unbedingt die vorherigen Anweisungen.)<\/li><li class='translation-block'>Wenn Sie macOS 15 oder neuer und Dragonframe 2024 oder neuer verwenden und die Kamera nicht angezeigt wird, befolgen Sie die Anweisungen in unseren <a href='\/de\/ufaqs\/on-macos-sequoia-dragonframe-does-not-detect-camera-at-all\/'>FAQs,<\/a> um das Problem zu beheben.<\/li>\n<li class='translation-block'>Gehen Sie zum Arbeitsbereich \u201eKinematographie\u201c, um die Belichtungseinstellungen der Kamera anzupassen, den Fokus zu \u00fcberpr\u00fcfen und Testaufnahmen zu machen.<\/li><\/ol>\n<\/div>\n<div style=\"margin: 10px 20px; text-align: center;\"><i><a href=\"\/de\/faq\/#_ewd-ufaq-faq-category-camera\">Tipps zur Fehlerbehebung bei der Kamera finden Sie in unseren FAQs.<\/a><\/i><\/div>\n\n\n\n<p><\/p>","protected":false},"excerpt":{"rendered":"<p>Einrichtungsanweisungen: Tipps zur Fehlerbehebung bei der Kamera finden Sie in unseren FAQs.<\/p>","protected":false},"author":1,"featured_media":0,"parent":0,"menu_order":0,"comment_status":"closed","ping_status":"closed","template":"","meta":{"footnotes":""},"class_list":{"0":"post-19346","1":"page","2":"type-page","3":"status-publish","5":"no-featured-image-padding"},"_links":{"self":[{"href":"https:\/\/www.dragonframe.com\/de\/wp-json\/wp\/v2\/pages\/19346","targetHints":{"allow":["GET"]}}],"collection":[{"href":"https:\/\/www.dragonframe.com\/de\/wp-json\/wp\/v2\/pages"}],"about":[{"href":"https:\/\/www.dragonframe.com\/de\/wp-json\/wp\/v2\/types\/page"}],"author":[{"embeddable":true,"href":"https:\/\/www.dragonframe.com\/de\/wp-json\/wp\/v2\/users\/1"}],"replies":[{"embeddable":true,"href":"https:\/\/www.dragonframe.com\/de\/wp-json\/wp\/v2\/comments?post=19346"}],"version-history":[{"count":1,"href":"https:\/\/www.dragonframe.com\/de\/wp-json\/wp\/v2\/pages\/19346\/revisions"}],"predecessor-version":[{"id":71449,"href":"https:\/\/www.dragonframe.com\/de\/wp-json\/wp\/v2\/pages\/19346\/revisions\/71449"}],"wp:attachment":[{"href":"https:\/\/www.dragonframe.com\/de\/wp-json\/wp\/v2\/media?parent=19346"}],"curies":[{"name":"wp","href":"https:\/\/api.w.org\/{rel}","templated":true}]}}