{"id":18048,"date":"2017-02-03T08:57:53","date_gmt":"2017-02-03T08:57:53","guid":{"rendered":"http:\/\/dev.dragonframe.com\/?page_id=18048"},"modified":"2025-07-04T11:35:29","modified_gmt":"2025-07-04T18:35:29","slug":"about-us","status":"publish","type":"page","link":"https:\/\/www.dragonframe.com\/de\/about-us\/","title":{"rendered":"\u00dcber uns"},"content":{"rendered":"<div class=\"pageTitle\">\n<h1>\u00dcber uns<\/h1>\n<\/div>\n\n\n\n<div class=\"wp-block-columns is-layout-flex wp-container-core-columns-is-layout-9d6595d7 wp-block-columns-is-layout-flex\">\n<div class=\"wp-block-column is-layout-flow wp-block-column-is-layout-flow\">\n<div style=\"display: table; margin-left: auto; margin-right: auto;\">\n<img loading=\"lazy\" decoding=\"async\" class=\"alignnone size-full wp-image-19908\" src=\"\/wp-content\/uploads\/2017\/02\/about_dragon_run.jpg\" alt=\"\" width=\"300\" height=\"172\" srcset=\"\" sizes=\"auto, (max-width: 300px) 100vw, 300px\" data-srcset=\"\" \/>\n<div class=\"aboutLabel\">Standbild aus \u201eDragon\u201c von United Airlines.<\/div>\n<img loading=\"lazy\" decoding=\"async\" class=\"size-fusion-600 wp-image-67256\" style=\"padding-top: 20px;\" src=\"https:\/\/www.dragonframe.com\/wp-content\/uploads\/2025\/02\/dragon_logo_source-600x774.jpg\" alt=\"\" width=\"300\" height=\"387\" srcset=\"https:\/\/www.dragonframe.com\/wp-content\/uploads\/2025\/02\/dragon_logo_source-600x774.jpg 600w, https:\/\/www.dragonframe.com\/wp-content\/uploads\/2025\/02\/dragon_logo_source-233x300.jpg 233w, https:\/\/www.dragonframe.com\/wp-content\/uploads\/2025\/02\/dragon_logo_source-794x1024.jpg 794w, https:\/\/www.dragonframe.com\/wp-content\/uploads\/2025\/02\/dragon_logo_source-768x990.jpg 768w, https:\/\/www.dragonframe.com\/wp-content\/uploads\/2025\/02\/dragon_logo_source-9x12.jpg 9w, https:\/\/www.dragonframe.com\/wp-content\/uploads\/2025\/02\/dragon_logo_source-200x258.jpg 200w, https:\/\/www.dragonframe.com\/wp-content\/uploads\/2025\/02\/dragon_logo_source-400x516.jpg 400w, https:\/\/www.dragonframe.com\/wp-content\/uploads\/2025\/02\/dragon_logo_source-800x1032.jpg 800w, https:\/\/www.dragonframe.com\/wp-content\/uploads\/2025\/02\/dragon_logo_source-500x645.jpg 500w, https:\/\/www.dragonframe.com\/wp-content\/uploads\/2025\/02\/dragon_logo_source-700x903.jpg 700w, https:\/\/www.dragonframe.com\/wp-content\/uploads\/2025\/02\/dragon_logo_source.jpg 960w\" sizes=\"auto, (max-width: 300px) 100vw, 300px\" \/>\n<div class=\"aboutLabel\">Original-Logo-Skizze von Alex Juhasz<\/div>\n<\/div>\n<\/div>\n\n\n\n<div class=\"wp-block-column is-layout-flow wp-block-column-is-layout-flow\">\n<h3>\u00dcBER UNSERE FIRMA<\/h3>\n<p>Hier bei DZED Systems haben wir einen Standpunkt. Wir sind Animatoren, Kameraleute und K\u00fcnstler und haben Dragonframe als Software entwickelt <i>wir haben<\/i> gewartet. Die Software, mit der wir leistungsbasierte Animationen auf Funktionsebene in jedem Format erstellen k\u00f6nnen.<\/p>\n\n<p>Weil wir Dragonframe (ehemals <span class=\"ntx\" data-no-translation=\"\">&#8216;Dragon Stop Motion&#8217;<\/span>) im Stress echter Produktionen sind unsere Features pr\u00e4gnant und leistungsstark. Wir konzentrieren uns darauf, qualitativ hochwertige digitale Standbilder oder Videos aufzunehmen und es Ihnen zu erm\u00f6glichen, direkt mit diesen Dateien zu arbeiten. Dragonframe organisiert Ihre Bilder einfach und gibt Ihnen Zugriff darauf in hoher Aufl\u00f6sung.<\/p>\n<\/div>\n\n\n\n<div class=\"wp-block-column is-layout-flow wp-block-column-is-layout-flow\">\n<h3>UNSERE GESCHICHTE<\/h3>\n<p>Seit 1993 arbeiten die Br\u00fcder Jamie und Dyami Caliri zusammen, um eine Stop-Motion-Animationssoftware zu entwickeln. Jamie ist ein bekannter und preisgekr\u00f6nter Regisseur und Dyami ist ein professioneller Softwareentwickler. Ihre erste Zusammenarbeit bestand darin, eine benutzerdefinierte Steuerung f\u00fcr eine 35-mm-Filmkamera zu entwickeln. dies f\u00fchrte dann zu einem softwarebasierten Framegrabber und schlie\u00dflich zu einer umfassenden L\u00f6sung auf Basis digitaler Standbilder.<\/p>\n<p>2005 begann Jamie mit der Regie des United-Airlines-Werbespots \u201eDragon\u201c. Er wollte Stop-Motion mit digitalen Standbildern drehen. Die Caliri-Br\u00fcder arbeiteten eng mit dem virtuosen Animator Kim Blanchette zusammen, um Software zu entwickeln, die ihren au\u00dfergew\u00f6hnlichen Anforderungen gerecht wird. Das Ergebnis war ein umfassendes Stop-Motion-Tool, das dazu beitrug, den mit dem Annie Award ausgezeichneten Spot von United Airlines zum Leben zu erwecken.<\/p>\n\n<p>Nachdem sie erkannt hatten, dass andere Stop-Motion-Software gro\u00dfe Einschr\u00e4nkungen hatte, gr\u00fcndeten die Caliri-Br\u00fcder DZED Systems LLC, um Dragon Stop Motion f\u00fcr die \u00d6ffentlichkeit zu entwickeln. Unser Unternehmen ist bestrebt, wirklich professionelle Software und erstklassigen technischen Support bereitzustellen.<\/p>\n<\/div>\n<\/div>","protected":false},"excerpt":{"rendered":"<p>\u00dcber uns Standbild aus \u201eDragon\u201c von United Airlines. Original-Logo-Skizze von Alex Juhasz. \u00dcBER UNSER UNTERNEHMEN Hier bei DZED Systems haben wir eine klare Meinung. Wir sind Animatoren, Kameraleute und K\u00fcnstler und haben Dragonframe als die Software entwickelt, auf die wir gewartet haben. Die Software, die uns leistungsbasierte Animationen auf Feature-Ebene erm\u00f6glicht \u2026 <a title=\"\u00dcber uns\" class=\"read-more\" href=\"https:\/\/www.dragonframe.com\/de\/about-us\/\" aria-label=\"Mehr Informationen \u00fcber \u00dcber uns\">Mehr lesen<\/a><\/p>","protected":false},"author":1,"featured_media":0,"parent":0,"menu_order":0,"comment_status":"closed","ping_status":"closed","template":"","meta":{"footnotes":""},"class_list":{"0":"post-18048","1":"page","2":"type-page","3":"status-publish","5":"no-featured-image-padding"},"_links":{"self":[{"href":"https:\/\/www.dragonframe.com\/de\/wp-json\/wp\/v2\/pages\/18048","targetHints":{"allow":["GET"]}}],"collection":[{"href":"https:\/\/www.dragonframe.com\/de\/wp-json\/wp\/v2\/pages"}],"about":[{"href":"https:\/\/www.dragonframe.com\/de\/wp-json\/wp\/v2\/types\/page"}],"author":[{"embeddable":true,"href":"https:\/\/www.dragonframe.com\/de\/wp-json\/wp\/v2\/users\/1"}],"replies":[{"embeddable":true,"href":"https:\/\/www.dragonframe.com\/de\/wp-json\/wp\/v2\/comments?post=18048"}],"version-history":[{"count":0,"href":"https:\/\/www.dragonframe.com\/de\/wp-json\/wp\/v2\/pages\/18048\/revisions"}],"wp:attachment":[{"href":"https:\/\/www.dragonframe.com\/de\/wp-json\/wp\/v2\/media?parent=18048"}],"curies":[{"name":"wp","href":"https:\/\/api.w.org\/{rel}","templated":true}]}}