{"id":17976,"date":"2016-12-01T23:58:36","date_gmt":"2016-12-02T07:58:36","guid":{"rendered":"http:\/\/dev.dragonframe.com\/?post_type=product&#038;p=17976"},"modified":"2024-03-22T11:47:08","modified_gmt":"2024-03-22T18:47:08","slug":"dmc-plus","status":"publish","type":"product","link":"http:\/\/www.dragonframe.com\/it\/product\/dmc-plus\/","title":{"rendered":"DMC+ (fuori produzione)"},"content":{"rendered":"<div data-post-id=\"19548\" class=\"insert-page insert-page-19548\">\n<div class=\"wp-block-group alignfull\"><div class=\"wp-block-group__inner-container is-layout-flow wp-block-group-is-layout-flow\">\n<div class=\"productSectionTitleBox\">\n<h1>Dragonframe <span class=\"white\">Controllore principale +<\/span><\/h1>\n<\/div>\n<\/div><\/div>\n\n\n\n<div class=\"wp-block-columns is-layout-flex wp-container-core-columns-is-layout-9d6595d7 wp-block-columns-is-layout-flex\">\n<div class=\"wp-block-column is-layout-flow wp-block-column-is-layout-flow\" style=\"flex-basis:66.66%\">\n<h3 style=\"padding-top: 20px;\">Caratteristiche<\/h3>\n<ul>\n \t<li>8x <a href=\"http:\/\/www.geckodrive.com\/\">Gecodrive 250x<\/a> driver per motori passo-passo, funzionanti a 30V e 1A\/2A\/3A.<\/li>\n \t<li>8 x canali di segnali passo\/direzione da utilizzare con driver per motori passo-passo.<\/li>\n \t<li>Frequenza massima degli impulsi di 200.000 passi\/secondo (200 kHz).<\/li>\n \t<li>8 jack RJ45 con uscite differenziali e non differenziali per passo e direzione.<\/li>\n \t<li>16 ingressi finecorsa su DB25. (8 serie di limiti bassi e alti per i motori 1-8).<\/li>\n \t<li>Trigger della fotocamera con misurazione separata e uscite dell&#039;otturatore.<\/li>\n \t<li>Uscita DMX512 per controllare fino a 512 luci.<\/li>\n \t<li>I\/O Trigger per interfacciare DMC+\/Dragonframe con un altro dispositivo esterno.<\/li>\n \t<li>Include un rel\u00e8, un&#039;uscita di livello logico, un ingresso di commutazione e un ingresso di arresto di emergenza.<\/li>\n \t<li>Tensione di ingresso: da 115 V CA a 230 V CA.<\/li>\n<\/ul>\n<h3>Specifiche fisiche<\/h3>\n<ul>\n \t<li>Alloggiamento montabile su rack 1.5U<\/li>\n \t<li>Dimensioni: 19 &quot;di larghezza x 2,5&quot; di altezza x 13,5 &quot;di profondit\u00e0<\/li>\n \t<li>Peso: 10 libbre<\/li>\n<\/ul>\n<h3>La confezione include<\/h3>\n<ul>\n \t<li>Cavo di alimentazione a scelta: US\/UK\/EU\/Nessuno.<\/li>\n \t<li>Cavo USB (lunghezza 6\u2032).<\/li>\n<\/ul>\n<h3>Domande frequenti<\/h3>\n<p>\n<strong>Q: <\/strong>Qual \u00e8 la differenza tra DMC+ e DMC-16?\n<br><strong>UN: <\/strong>Il DMC + ha driver per motori passo-passo alimentati per i canali 1-8, quindi non hai bisogno dei tuoi driver per motori passo-passo per far funzionare la maggior parte dei rig. Il DMC-16 fornisce solo segnali di passo\/direzione.\n<\/p>\n\n<p>\n<strong>Q: <\/strong>Qual \u00e8 la differenza tra il DMC+ e l&#039;utilizzo di un Arduino per il controllo del movimento? Perch\u00e9 dovrei pagare molto di pi\u00f9 per il DMC+?\n<br><strong>UN: <\/strong>Arduino (con Dragonframe e il nostro sketch DFMoco) \u00e8 un ottimo strumento per il controllo del movimento in stop motion e time-lapse, ma \u00e8 molto semplice. Ha una velocit\u00e0 massima del motore di 20.000 passi\/secondo, con accelerazioni\/decelerazioni abbastanza grossolane. Il DMC+ \u00e8 dieci volte pi\u00f9 veloce, il che rende pi\u00f9 fluide le accelerazioni e le decelerazioni. L&#039;Arduino fornisce funzionalit\u00e0 di base di tiro-mossa-tiro, mentre il DMC + pu\u00f2 eseguire mosse a piena velocit\u00e0. Il DMC+ fornisce anche funzionalit\u00e0 e trigger di illuminazione DMX completi.\n<\/p>\n\n<p>\n<strong>Q: <\/strong>Il DMC+ include driver per motori passo-passo alimentati?\n<br><strong>UN: <\/strong>S\u00ec, per i canali 1-8. Per i canali 9-16 fornisce segnali di passo e direzione differenziali su connettori RJ45.\n<\/p>\n\n<p>\n<strong>Q: <\/strong>Posso usare cavi DMX a 5 pin?\n<br><strong>UN: <\/strong>No, almeno non senza prima modificarli. Hanno il pin 1 collegato a terra. Bruceranno il tuo motore a meno che tu non li modifichi.\n<\/p>\n\n<p>\n<strong>Q: <\/strong>Il DMC+ \u00e8 genlockabile?\n<br><strong>UN: <\/strong>No non lo \u00e8.\n<\/p>\n\n<p>\n<strong>Q: <\/strong>Il DMC+ \u00e8 incredibilmente fantastico come sembra?\n<br><strong>UN: <\/strong>S\u00ec.\n<\/p>\n<\/div>\n\n\n\n<div class=\"wp-block-column is-layout-flow wp-block-column-is-layout-flow\" style=\"flex-basis:33.33%\">\n<h3 style=\"padding-top: 20px;\">Risorse<\/h3>\n<p>\u00c8 possibile trovare ulteriori specifiche tecniche, precauzioni di sicurezza e schemi elettrici nella guida per l&#039;utente:\n<br><a href=\"\/download\/DMCPlus-1.5.pdf\">DMC+ Guida per l&#039;utente<\/a>\n<\/p>\n\n<p>Garanzia sull&#039;hardware:\n<br><a href=\"\/download\/DZEDLimitedWarranty-2yr.pdf\">Garanzia limitata DZED \u2013 2 anni<\/a>\n<\/p>\n\n<p>Domande frequenti aggiuntive:\n<br><a href=\"\/it\/faq\/#_ewd-ufaq-faq-category-motion-control\">Domande frequenti sul controllo del movimento<\/a>\n<\/p>\n<\/div>\n<\/div>\n<\/div>","protected":false},"excerpt":{"rendered":"<p><b>NOTA:<\/b> <i>Il DMC+ \u00e8 stato interrotto. Si prega di considerare il <a href=\"https:\/\/www.dragonframe.com\/it\/prodotto\/dmc-32\/\">DMC-32<\/a> come alternativa.<\/i><\/p>\n<p>Il DMC+ (Dragonframe Master Controller +) \u00e8 un coordinatore Motion Control a 16 assi da utilizzare con il software Dragonframe.<\/p>\n<p>Fornisce otto driver per motori passo-passo alimentati (canali 1-8) e otto set di segnali di direzione e passo differenziali per (canali 9-16).<\/p>\n<p>Fornisce inoltre un trigger per telecamera, controllo dell&#039;illuminazione DMX512, ingressi di finecorsa e una serie di trigger per l&#039;interfacciamento con un dispositivo esterno.<\/p>","protected":false},"featured_media":19633,"template":"","meta":[],"product_brand":[],"product_cat":[372],"product_tag":[],"class_list":{"0":"post-17976","1":"product","2":"type-product","3":"status-publish","4":"has-post-thumbnail","6":"product_cat-dragonframe-hardware","7":"no-featured-image-padding","8":"","9":"woocommerce-text-align-center","10":"woocommerce-image-align-center","11":"do-quantity-buttons","13":"first","14":"outofstock","15":"taxable","16":"shipping-taxable","17":"purchasable","18":"product-type-variable","19":"has-default-attributes"},"bundled_by":[],"bundle_stock_status":"outofstock","bundle_stock_quantity":0,"bundle_virtual":false,"bundle_layout":"","bundle_add_to_cart_form_location":"","bundle_editable_in_cart":false,"bundle_sold_individually_context":"","bundle_item_grouping":"","bundle_min_size":"","bundle_max_size":"","bundle_price":[],"bundled_items":[],"bundle_sell_ids":[],"exclude_global_add_ons":[],"addons":[],"_links":{"self":[{"href":"http:\/\/www.dragonframe.com\/it\/wp-json\/wp\/v2\/product\/17976","targetHints":{"allow":["GET"]}}],"collection":[{"href":"http:\/\/www.dragonframe.com\/it\/wp-json\/wp\/v2\/product"}],"about":[{"href":"http:\/\/www.dragonframe.com\/it\/wp-json\/wp\/v2\/types\/product"}],"wp:featuredmedia":[{"embeddable":true,"href":"http:\/\/www.dragonframe.com\/it\/wp-json\/wp\/v2\/media\/19633"}],"wp:attachment":[{"href":"http:\/\/www.dragonframe.com\/it\/wp-json\/wp\/v2\/media?parent=17976"}],"wp:term":[{"taxonomy":"product_brand","embeddable":true,"href":"http:\/\/www.dragonframe.com\/it\/wp-json\/wp\/v2\/product_brand?post=17976"},{"taxonomy":"product_cat","embeddable":true,"href":"http:\/\/www.dragonframe.com\/it\/wp-json\/wp\/v2\/product_cat?post=17976"},{"taxonomy":"product_tag","embeddable":true,"href":"http:\/\/www.dragonframe.com\/it\/wp-json\/wp\/v2\/product_tag?post=17976"}],"curies":[{"name":"wp","href":"https:\/\/api.w.org\/{rel}","templated":true}]}}