{"id":17976,"date":"2016-12-01T23:58:36","date_gmt":"2016-12-02T07:58:36","guid":{"rendered":"http:\/\/dev.dragonframe.com\/?post_type=product&#038;p=17976"},"modified":"2024-03-22T11:47:08","modified_gmt":"2024-03-22T18:47:08","slug":"dmc-plus","status":"publish","type":"product","link":"http:\/\/www.dragonframe.com\/es\/product\/dmc-plus\/","title":{"rendered":"DMC+ (descontinuado)"},"content":{"rendered":"<div data-post-id=\"19548\" class=\"insert-page insert-page-19548\">\n<div class=\"wp-block-group alignfull\"><div class=\"wp-block-group__inner-container is-layout-flow wp-block-group-is-layout-flow\">\n<div class=\"productSectionTitleBox\">\n<h1>Dragonframe <span class=\"white\">Controlador maestro +<\/span><\/h1>\n<\/div>\n<\/div><\/div>\n\n\n\n<div class=\"wp-block-columns is-layout-flex wp-container-core-columns-is-layout-9d6595d7 wp-block-columns-is-layout-flex\">\n<div class=\"wp-block-column is-layout-flow wp-block-column-is-layout-flow\" style=\"flex-basis:66.66%\">\n<h3 style=\"padding-top: 20px;\">Caracter\u00edsticas<\/h3>\n<ul>\n \t<li>8x <a href=\"http:\/\/www.geckodrive.com\/\">Geckodrive 250x<\/a> controladores de motor paso a paso, funcionando a 30V y 1A\/2A\/3A.<\/li>\n \t<li>8 canales de se\u00f1ales de paso\/direcci\u00f3n para usar con controladores de motor paso a paso.<\/li>\n \t<li>Velocidad m\u00e1xima de pulso de paso de 200.000 pasos\/segundo (200 kHz).<\/li>\n \t<li>8 x jacks RJ45 con salidas diferenciales y no diferenciales para paso y direcci\u00f3n.<\/li>\n \t<li>16 entradas de interruptor de l\u00edmite en DB25. (8 juegos de l\u00edmites alto y bajo para los motores 1-8).<\/li>\n \t<li>Disparador de c\u00e1mara con salidas separadas de medici\u00f3n y obturador.<\/li>\n \t<li>Salida DMX512 para controlar hasta 512 luces.<\/li>\n \t<li>Activadores de E\/S para interconectar DMC+\/Dragonframe con otro dispositivo externo.<\/li>\n \t<li>Incluye un rel\u00e9, una salida de nivel l\u00f3gico, una entrada de interruptor y una entrada de parada de emergencia.<\/li>\n \t<li>Voltaje de entrada: 115 VAC a 230 VAC.<\/li>\n<\/ul>\n<h3>Especificaciones f\u00edsicas<\/h3>\n<ul>\n \t<li>Gabinete montable en rack de 1.5U<\/li>\n \t<li>Dimensiones: 19\u2033 de ancho x 2,5\u2033 de alto x 13,5\u2033 de profundidad<\/li>\n \t<li>Peso: 10 libras<\/li>\n<\/ul>\n<h3>El paquete incluye<\/h3>\n<ul>\n \t<li>Cable de alimentaci\u00f3n de su elecci\u00f3n: EE. UU.\/RU\/UE\/Ninguno.<\/li>\n \t<li>Cable USB (6\u2032 de longitud).<\/li>\n<\/ul>\n<h3>preguntas frecuentes<\/h3>\n<p>\n<strong>P: <\/strong>\u00bfCu\u00e1l es la diferencia entre la DMC+ y la DMC-16?\n<br><strong>A: <\/strong>El DMC+ tiene controladores de motor paso a paso para los canales 1-8, por lo que no necesita sus propios controladores de motor paso a paso para ejecutar la mayor\u00eda de los equipos. El DMC-16 solo proporciona se\u00f1ales de paso\/direcci\u00f3n.\n<\/p>\n\n<p>\n<strong>P: <\/strong>\u00bfCu\u00e1l es la diferencia entre el DMC+ y el uso de un Arduino para el control de movimiento? \u00bfPor qu\u00e9 pagar\u00eda mucho m\u00e1s por el DMC+?\n<br><strong>A: <\/strong>El Arduino (con Dragonframe y nuestro boceto DFMoco) es una gran herramienta para el control de movimiento en stop motion y time-lapse, pero es muy b\u00e1sico. Tiene una velocidad m\u00e1xima del motor de 20.000 pasos\/segundo, con aceleraci\u00f3n\/desaceleraci\u00f3n bastante gruesa. El DMC+ es diez veces m\u00e1s r\u00e1pido, lo que hace que la aceleraci\u00f3n y la desaceleraci\u00f3n sean m\u00e1s suaves. El Arduino proporciona capacidades b\u00e1sicas de disparo, movimiento y disparo, mientras que el DMC+ puede ejecutar movimientos a toda velocidad. El DMC+ tambi\u00e9n proporciona activadores y capacidades de iluminaci\u00f3n DMX completas.\n<\/p>\n\n<p>\n<strong>P: <\/strong>\u00bfEl DMC+ incluye controladores de motor paso a paso con alimentaci\u00f3n?\n<br><strong>A: <\/strong>S\u00ed, para los canales 1-8. Para los canales 9-16 proporciona se\u00f1ales diferenciales de paso y direcci\u00f3n a trav\u00e9s de conectores RJ45.\n<\/p>\n\n<p>\n<strong>P: <\/strong>\u00bfPuedo usar cables DMX de 5 pines?\n<br><strong>A: <\/strong>No, al menos no sin modificarlos primero. Tienen el pin 1 conectado a tierra. Quemar\u00e1n su motor a menos que los modifique.\n<\/p>\n\n<p>\n<strong>P: <\/strong>\u00bfEs el DMC+ genlockable?\n<br><strong>A: <\/strong>No, no es.\n<\/p>\n\n<p>\n<strong>P: <\/strong>\u00bfEs el DMC+ tan asombroso como parece ser?\n<br><strong>A: <\/strong>S\u00ed, lo es.\n<\/p>\n<\/div>\n\n\n\n<div class=\"wp-block-column is-layout-flow wp-block-column-is-layout-flow\" style=\"flex-basis:33.33%\">\n<h3 style=\"padding-top: 20px;\">Recursos<\/h3>\n<p>Puede encontrar m\u00e1s especificaciones t\u00e9cnicas, precauciones de seguridad y diagramas de cableado en la gu\u00eda del usuario:\n<br><a href=\"\/download\/DMCPlus-1.5.pdf\">Gu\u00eda del usuario de DMC+<\/a>\n<\/p>\n\n<p>Garant\u00eda de hardware:\n<br><a href=\"\/es\/descargar\/DZEDLimitedWarranty-2yr.pdf\/\">Garant\u00eda limitada DZED: 2 a\u00f1os<\/a>\n<\/p>\n\n<p>Preguntas frecuentes adicionales:\n<br><a href=\"\/es\/faq\/#_ewd-ufaq-faq-category-motion-control\">Preguntas frecuentes sobre el control de movimiento<\/a>\n<\/p>\n<\/div>\n<\/div>\n<\/div>","protected":false},"excerpt":{"rendered":"<p><b>NOTA:<\/b> <i>El DMC+ ha sido descontinuado. Por favor considere el <a href=\"https:\/\/www.dragonframe.com\/es\/producto\/dmc-32\/\">DMC-32<\/a> como alternativa.<\/i><\/p>\n<p>El DMC+ (Dragonframe Master Controller +) es un coordinador de control de movimiento de 16 ejes para usar con el software Dragonframe.<\/p>\n<p>Proporciona ocho controladores de motor paso a paso alimentados (canales 1-8) y ocho conjuntos de se\u00f1ales diferenciales de paso y direcci\u00f3n para (canales 9-16).<\/p>\n<p>Tambi\u00e9n proporciona un disparador de c\u00e1mara, control de iluminaci\u00f3n DMX512, entradas de interruptor de l\u00edmite y un conjunto de disparadores para interactuar con un dispositivo externo.<\/p>","protected":false},"featured_media":19633,"template":"","meta":[],"product_brand":[],"product_cat":[372],"product_tag":[],"class_list":{"0":"post-17976","1":"product","2":"type-product","3":"status-publish","4":"has-post-thumbnail","6":"product_cat-dragonframe-hardware","7":"no-featured-image-padding","8":"","9":"woocommerce-text-align-center","10":"woocommerce-image-align-center","11":"do-quantity-buttons","13":"first","14":"outofstock","15":"taxable","16":"shipping-taxable","17":"purchasable","18":"product-type-variable","19":"has-default-attributes"},"bundled_by":[],"bundle_stock_status":"outofstock","bundle_stock_quantity":0,"bundle_virtual":false,"bundle_layout":"","bundle_add_to_cart_form_location":"","bundle_editable_in_cart":false,"bundle_sold_individually_context":"","bundle_item_grouping":"","bundle_min_size":"","bundle_max_size":"","bundle_price":[],"bundled_items":[],"bundle_sell_ids":[],"exclude_global_add_ons":[],"addons":[],"_links":{"self":[{"href":"http:\/\/www.dragonframe.com\/es\/wp-json\/wp\/v2\/product\/17976","targetHints":{"allow":["GET"]}}],"collection":[{"href":"http:\/\/www.dragonframe.com\/es\/wp-json\/wp\/v2\/product"}],"about":[{"href":"http:\/\/www.dragonframe.com\/es\/wp-json\/wp\/v2\/types\/product"}],"wp:featuredmedia":[{"embeddable":true,"href":"http:\/\/www.dragonframe.com\/es\/wp-json\/wp\/v2\/media\/19633"}],"wp:attachment":[{"href":"http:\/\/www.dragonframe.com\/es\/wp-json\/wp\/v2\/media?parent=17976"}],"wp:term":[{"taxonomy":"product_brand","embeddable":true,"href":"http:\/\/www.dragonframe.com\/es\/wp-json\/wp\/v2\/product_brand?post=17976"},{"taxonomy":"product_cat","embeddable":true,"href":"http:\/\/www.dragonframe.com\/es\/wp-json\/wp\/v2\/product_cat?post=17976"},{"taxonomy":"product_tag","embeddable":true,"href":"http:\/\/www.dragonframe.com\/es\/wp-json\/wp\/v2\/product_tag?post=17976"}],"curies":[{"name":"palabra clave","href":"https:\/\/api.w.org\/{rel}","templated":true}]}}