{"id":20550,"date":"2017-04-01T17:12:37","date_gmt":"2017-04-02T00:12:37","guid":{"rendered":"http:\/\/dev.dragonframe.com\/?page_id=20550"},"modified":"2025-07-05T12:06:04","modified_gmt":"2025-07-05T19:06:04","slug":"introduction-stop-motion-animation","status":"publish","type":"page","link":"http:\/\/www.dragonframe.com\/es\/introduction-stop-motion-animation\/","title":{"rendered":"Introducci\u00f3n a la Animaci\u00f3n Stop Motion"},"content":{"rendered":"<div class=\"pageTitle\">\n<h1 class=\"translation-block\">Introducci\u00f3n a <span class=\"white\">la Animaci\u00f3n Stop Motion<\/span><\/h1>\n<\/div>\n\n\n\n<h2 class=\"itemTitleSub translation-block\" style=\"margin: 0; padding: 0;\">\u00bfQu\u00e9 es <span class=\"itemTitle\">la Animaci\u00f3n Stop Motion?<\/span><\/h2>\n<p>La animaci\u00f3n stop motion (tambi\u00e9n llamada animaci\u00f3n stop frame) es una animaci\u00f3n que se captura fotograma a fotograma, con objetos f\u00edsicos que se mueven entre fotogramas. Cuando reproduce la secuencia de im\u00e1genes r\u00e1pidamente, crea la ilusi\u00f3n de movimiento. Si comprende c\u00f3mo funciona la animaci\u00f3n dibujada en 2D (principios de Disney), el stop motion es similar, excepto que usa objetos f\u00edsicos en lugar de dibujos.<\/p>\n<p>El proceso b\u00e1sico de animaci\u00f3n implica tomar una fotograf\u00eda de tus objetos o personajes, moverlos ligeramente y tomar otra fotograf\u00eda. Cuando reproduce las im\u00e1genes consecutivamente, los objetos o personajes parecen moverse por s\u00ed solos.<\/p>\n\n\n\n<div class=\"wp-block-columns is-layout-flex wp-container-core-columns-is-layout-9d6595d7 wp-block-columns-is-layout-flex\">\n<div class=\"wp-block-column is-layout-flow wp-block-column-is-layout-flow\" style=\"flex-basis:20%\">\n<img loading=\"lazy\" decoding=\"async\" src=\"\/images\/stop_motion_frame_1.jpg\" alt=\"Piezas del rompecabezas en posici\u00f3n inicial\" width=\"150\" height=\"84\" border=\"0\" \/>\n<br>CUADRO 1\n<\/div>\n\n\n\n<div class=\"wp-block-column is-layout-flow wp-block-column-is-layout-flow\" style=\"flex-basis:20%\">\n<img loading=\"lazy\" decoding=\"async\" src=\"\/images\/stop_motion_frame_2.jpg\" alt=\"Las piezas del rompecabezas se movieron ligeramente\" width=\"150\" height=\"84\" border=\"0\" \/>\n<br>CUADRO 2\n<\/div>\n\n\n\n<div class=\"wp-block-column is-layout-flow wp-block-column-is-layout-flow\" style=\"flex-basis:20%\">\n<img loading=\"lazy\" decoding=\"async\" src=\"\/images\/stop_motion_frame_3.jpg\" alt=\"Las piezas del rompecabezas se movieron m\u00e1s\" width=\"150\" height=\"84\" border=\"0\" \/>\n<br>CUADRO 3\n<\/div>\n\n\n\n<div class=\"wp-block-column is-layout-flow wp-block-column-is-layout-flow\" style=\"flex-basis:20%\">\n<img loading=\"lazy\" decoding=\"async\" src=\"\/images\/stop_motion_frame_4.jpg\" alt=\"Las piezas del rompecabezas se movieron a\u00fan m\u00e1s\" width=\"150\" height=\"84\" border=\"0\" \/>\n<br>CUADRO 4\n<\/div>\n\n\n\n<div class=\"wp-block-column is-layout-flow wp-block-column-is-layout-flow\" style=\"flex-basis:20%\">\n<img loading=\"lazy\" decoding=\"async\" src=\"\/images\/stop_motion_example.gif\" alt=\"Piezas de rompecabezas animadas\" width=\"150\" height=\"84\" border=\"0\" \/>\n<br>ANIMADO\n<\/div>\n<\/div>\n\n\n\n<p>Ves animaci\u00f3n stop motion todo el tiempo, en comerciales, videos musicales, programas de televisi\u00f3n y largometrajes, incluso si no te das cuenta. Si bien es com\u00fan que las personas piensen en stop motion como solo un estilo espec\u00edfico, como la animaci\u00f3n con plastilina, la realidad es que las t\u00e9cnicas de stop motion se pueden usar para crear una amplia gama de estilos de pel\u00edculas:<\/p>\n\n\n\n<div class=\"wp-block-columns is-layout-flex wp-container-core-columns-is-layout-9d6595d7 wp-block-columns-is-layout-flex\">\n<div class=\"wp-block-column is-layout-flow wp-block-column-is-layout-flow\" style=\"flex-basis:20%\">\n<div style=\"display:none;width:100%;height:100%\"><iframe loading=\"lazy\" src=\"https:\/\/player.vimeo.com\/video\/7158709?autoplay=1&#038;preview=0&#038;muted=0\" id=\"united\"  frameborder=\"0\" width=\"1920px\" height=\"1080px\" allowfullscreen allow=\"autoplay; fullscreen\"><\/iframe><\/div>\n<a title=\"United Airlines: Drag\u00f3n\" href=\"#united\" data-fslightbox='united'><img loading=\"lazy\" decoding=\"async\" src=\"\/images\/dragon.jpg\" alt=\"Stop motion de papel recortado para United Airlines: Drag\u00f3n\" width=\"150\" height=\"84\" border=\"0\" \/><\/a>\n<\/div>\n\n\n\n<div class=\"wp-block-column is-layout-flow wp-block-column-is-layout-flow\" style=\"flex-basis:20%\">\n<div style=\"display:none;width:100%;height:100%\"><iframe loading=\"lazy\" src=\"https:\/\/player.vimeo.com\/video\/3751394?autoplay=1&#038;preview=0&#038;muted=0\" id=\"pigeon\"  frameborder=\"0\" width=\"1920px\" height=\"1080px\" allowfullscreen allow=\"autoplay; fullscreen\"><\/iframe><\/div>\n<a title=\"Michael Stevenson: Ladr\u00f3n de palomas\" href=\"#pigeon\" data-fslightbox='pigeon'><img decoding=\"async\" src=\"\/images\/pigeon.jpg\" alt=\"Ladr\u00f3n de palomas de Michael Stevenson\" width=\"150\" height=\"84\/\" border=\"0\" \/><\/a>\n<\/div>\n\n\n\n<div class=\"wp-block-column is-layout-flow wp-block-column-is-layout-flow\" style=\"flex-basis:19.9%\">\n<div style=\"display:none;width:100%;height:100%\"><iframe loading=\"lazy\" src=\"https:\/\/player.vimeo.com\/video\/36399438?autoplay=1&#038;preview=0&#038;muted=0\" id=\"architect\"  frameborder=\"0\" width=\"1920px\" height=\"1080px\" allowfullscreen allow=\"autoplay; fullscreen\"><\/iframe><\/div><a title=\"Hermano: Arquitecto\" href=\"#architect\"  data-fslightbox='architect'><img loading=\"lazy\" decoding=\"async\" src=\"\/images\/brother.jpg\" alt=\"Hermano: Arquitecto\" width=\"150\" height=\"84\" border=\"0\" \/><\/a>\n<\/div>\n\n\n\n<div class=\"wp-block-column is-layout-flow wp-block-column-is-layout-flow\" style=\"flex-basis:19.9%\">\n<div style=\"display:none;width:100%;height:100%\"><iframe loading=\"lazy\" src=\"https:\/\/player.vimeo.com\/video\/21170649?autoplay=1&#038;preview=0&#038;muted=0\" id=\"acura\"  frameborder=\"0\" width=\"1920px\" height=\"1080px\" allowfullscreen allow=\"autoplay; fullscreen\"><\/iframe><\/div><a title=\"Acura: Transformaci\u00f3n\" href=\"#acura\" data-fslightbox='acura'><img loading=\"lazy\" decoding=\"async\" src=\"\/images\/acura-trans.jpg\" alt=\"Transformaci\u00f3n de Acura\" width=\"150\" height=\"84\" border=\"0\" \/><\/a>\n<\/div>\n<\/div>\n\n\n\n<h2 class=\"itemTitleSub translation-block\" style=\"margin: 0; padding: 30px 0 0 0;\">Captura <span class=\"itemTitle\">de animaci\u00f3n stop motion<\/span><\/h2>\n<p>El stop motion temprano se captur\u00f3 con c\u00e1maras de cine. Los animadores no pod\u00edan ver c\u00f3mo se ve\u00eda su trabajo hasta que procesaban su pel\u00edcula. Utilizaron medidores de superficie para realizar un seguimiento de d\u00f3nde estaban sus personajes y cu\u00e1nto moverlos. Si la animaci\u00f3n no era fluida, si el decorado hab\u00eda sido golpeado o si la iluminaci\u00f3n era mala, el trabajo se perd\u00eda y el animador ten\u00eda que empezar de nuevo.<\/p>\n\n\n\n<div class=\"wp-block-columns is-layout-flex wp-container-core-columns-is-layout-9d6595d7 wp-block-columns-is-layout-flex\">\n<div class=\"wp-block-column is-layout-flow wp-block-column-is-layout-flow\" style=\"flex-basis:20%\">\n<img loading=\"lazy\" decoding=\"async\" src=\"\/images\/classic_stopmotion_king_kong2_thumb.jpg\" alt=\"Rey Kong (1933)\" width=\"160\" height=\"120\" border=\"0\" \/>\n<\/div>\n\n\n\n<div class=\"wp-block-column is-layout-flow wp-block-column-is-layout-flow\" style=\"flex-basis:20%\">\n<img loading=\"lazy\" decoding=\"async\" src=\"\/images\/classic_stopmotion_king_kong_thumb.jpg\" alt=\"King Kong alcanzando el avi\u00f3n\" width=\"173\" height=\"120\" border=\"0\" \/>\n<\/div>\n\n\n\n<div class=\"wp-block-column is-layout-flow wp-block-column-is-layout-flow\" style=\"flex-basis:19.9%\">\n<img loading=\"lazy\" decoding=\"async\" src=\"\/images\/classic_stopmotion_medusa_thumb.jpg\" alt=\"Choque de titanes\" width=\"181\" height=\"120\" border=\"0\" \/>\n<\/div>\n<\/div>\n\n\n\n<p>M\u00e1s tarde, las m\u00e1quinas de video especiales permitieron al animador ver el \u00faltimo o los dos \u00faltimos fotogramas y compararlos con el video en vivo de la c\u00e1mara. Esto les permiti\u00f3 tener una idea de c\u00f3mo estaba progresando su animaci\u00f3n.<\/p>\n\n\n\n<h2 class=\"itemTitleSub translation-block\" style=\"margin: 0; padding: 30px 0 0 0;\">Uso de DSLR para <span class=\"itemTitle\">animaci\u00f3n Stop Motion<\/span><\/h2>\n<p>En 2005, La novia cad\u00e1ver se film\u00f3 con la EOS-1D Mark II de Canon, lo que la convirti\u00f3 en la primera pel\u00edcula en stop motion capturada con una c\u00e1mara fotogr\u00e1fica digital. Las primeras DSLR no ten\u00edan vista en vivo, una funci\u00f3n en la que la c\u00e1mara puede proporcionar una transmisi\u00f3n de video de la imagen a trav\u00e9s de la lente. Entonces, el estudio tuvo que usar una c\u00e1mara de video secundaria para proporcionar la asistencia de video.<\/p>\n\n\n\n<div class=\"wp-block-columns is-layout-flex wp-container-core-columns-is-layout-9d6595d7 wp-block-columns-is-layout-flex\">\n<div class=\"wp-block-column is-layout-flow wp-block-column-is-layout-flow\" style=\"flex-basis:20%\">\n<img loading=\"lazy\" decoding=\"async\" src=\"\/images\/corpse_bride_camera_thumb.jpg\" alt=\"La novia cad\u00e1ver de Tim Burton. Derechos de autor Disney.\" width=\"222\" height=\"120\" border=\"0\" \/>\n<\/div>\n\n\n\n<div class=\"wp-block-column is-layout-flow wp-block-column-is-layout-flow\" style=\"flex-basis:20%\">\n<img loading=\"lazy\" decoding=\"async\" src=\"\/images\/corpse_bride_061_thumb.jpg\" alt=\"La novia cad\u00e1ver - V\u00edctor\" width=\"222\" height=\"120\" border=\"0\" \/>\n<\/div>\n\n\n\n<div class=\"wp-block-column is-layout-flow wp-block-column-is-layout-flow\" style=\"flex-basis:19.9%\">\n<img loading=\"lazy\" decoding=\"async\" src=\"\/images\/corpse_bride_016_thumb.jpg\" alt=\"La novia cad\u00e1ver - Finis\" width=\"223\" height=\"120\" border=\"0\" \/>\n<\/div>\n<\/div>\n\n\n\n<p>En 2007, Canon y Nikon introdujeron las DSLR con visualizaci\u00f3n en vivo. Desde entonces, las DSLR se han utilizado para capturar la mayor parte del stop motion de calidad profesional que ve, desde largometrajes hasta videos musicales, series de televisi\u00f3n y comerciales.<\/p>\n<p>Dragon 1.0 (la versi\u00f3n original de Dragonframe) se lanz\u00f3 el 1 de marzo de 2008 y fue el primer paquete de software de stop motion compatible con las c\u00e1maras r\u00e9flex digitales Canon 40D y Nikon D90 con visualizaci\u00f3n en vivo. Esto significaba que el animador pod\u00eda ver una vista previa bastante precisa a trav\u00e9s de la lente de su animaci\u00f3n a medida que avanzaban.<\/p>\n\n<h2 class=\"itemTitleSub translation-block\" style=\"margin: 0; padding: 30px 0 0 0;\">Qu\u00e9 <span class=\"itemTitle\">hace Dragonframe<\/span><\/h2>\n<p class=\"translation-block\">Dragonframe es el principal software de captura de fotogramas para animaci\u00f3n stop motion y fotograf\u00eda de lapso de tiempo. Usando la vista en vivo de una <a href=\"\/es\/camera-support\/\" target=\"_self\">c\u00e1mara digital compatible<\/a> , Dragonframe proporciona herramientas de asistencia de video para el animador y es el centro central para capturar y organizar los cuadros de alta resoluci\u00f3n de su c\u00e1mara.<\/p>\n<div style=\"display:none;width:100%;height:100%\"><iframe loading=\"lazy\" src=\"https:\/\/player.vimeo.com\/video\/574655939?autoplay=1&#038;preview=0&#038;muted=0\" id=\"howitworks\"  frameborder=\"0\" width=\"1920px\" height=\"1080px\" allowfullscreen allow=\"autoplay; fullscreen\"><\/iframe><\/div>\n\n<p><a title=\"C\u00f3mo funciona\" href=\"#howitworks\" data-fslightbox='howitworks'><img loading=\"lazy\" decoding=\"async\" src=\"\/images\/tut_overview_how.jpg\" width=\"415\" height=\"235\" border=\"0\" \/><\/a><\/p>\n\n<p>Dragonframe es un excelente capturador de fotogramas, con herramientas como paso a paso, efecto cebolla, alternancia autom\u00e1tica y dibujo (l\u00e1piz graso virtual). Dragonframe ha innovado en el mundo del software de stop motion al llevar la funcionalidad m\u00e1s all\u00e1 de la captura de fotogramas para proporcionar una variedad completa de herramientas de producci\u00f3n.<\/p>\n\n<p>Los cinco espacios de trabajo del software Dragonframe proporcionan estas herramientas:\n<ul>\n \t<li>Herramientas de animaci\u00f3n para asistencia de video, captura de fotogramas y edici\u00f3n.<\/li>\n \t<li>Herramientas cinematogr\u00e1ficas para verificar el enfoque, establecer la exposici\u00f3n y asegurarse de obtener la toma perfecta<\/li>\n \t<li>Automatizaci\u00f3n completa de la iluminaci\u00f3n con el DDMX-512<\/li>\n \t<li>Herramientas integradas de lectura de pistas de audio y di\u00e1logo<\/li>\n \t<li>Editor de movimiento multieje para programar r\u00e1pidamente movimientos de c\u00e1mara complejos<\/li>\n<\/ul>\n<\/p>\n\n<p>Ya sea que sea un cineasta independiente que trabaja en un proyecto en su garaje, un peque\u00f1o equipo que trabaja en un comercial o un gran estudio que realiza una pel\u00edcula, descubrir\u00e1 que Dragonframe tiene las herramientas que necesita para crear incre\u00edbles animaciones stop motion.<\/p>\n\n<p><a href=\"\/es\/downloads\/\">Prueba gratuita de 30 d\u00edas del software Dragonframe<\/a>\n<br><a href=\"\/es\/dragonframe-software\/\">Lista completa de caracter\u00edsticas en Dragonframe<\/a>\n<br><a href=\"\/es\/showcase\/\">Inspiradores proyectos de stop motion filmados con Dragonframe<\/a>\n<br><a href=\"\/es\/camera-support\/\">Lista de c\u00e1maras compatibles<\/a>\n<br><a href=\"\/es\/tutorials\/\">Videotutoriales de stop-motion<\/a>\n<\/p>","protected":false},"excerpt":{"rendered":"<p>Introducci\u00f3n a la animaci\u00f3n stop motion. \u00bfQu\u00e9 es la animaci\u00f3n stop motion? La animaci\u00f3n stop motion (tambi\u00e9n llamada animaci\u00f3n stop-frame) es una animaci\u00f3n que se captura fotograma a fotograma, con objetos f\u00edsicos que se mueven entre ellos. Al reproducir la secuencia de im\u00e1genes r\u00e1pidamente, se crea la ilusi\u00f3n de movimiento. Si comprende c\u00f3mo funciona el 2D\u2026 <a title=\"Introducci\u00f3n a la Animaci\u00f3n Stop Motion\" class=\"read-more\" href=\"http:\/\/www.dragonframe.com\/es\/introduction-stop-motion-animation\/\" aria-label=\"Leer m\u00e1s sobre Introducci\u00f3n a la animaci\u00f3n Stop Motion\">Leer m\u00e1s<\/a><\/p>","protected":false},"author":1,"featured_media":0,"parent":0,"menu_order":0,"comment_status":"closed","ping_status":"closed","template":"","meta":{"footnotes":""},"class_list":{"0":"post-20550","1":"page","2":"type-page","3":"status-publish","5":"no-featured-image-padding"},"_links":{"self":[{"href":"http:\/\/www.dragonframe.com\/es\/wp-json\/wp\/v2\/pages\/20550","targetHints":{"allow":["GET"]}}],"collection":[{"href":"http:\/\/www.dragonframe.com\/es\/wp-json\/wp\/v2\/pages"}],"about":[{"href":"http:\/\/www.dragonframe.com\/es\/wp-json\/wp\/v2\/types\/page"}],"author":[{"embeddable":true,"href":"http:\/\/www.dragonframe.com\/es\/wp-json\/wp\/v2\/users\/1"}],"replies":[{"embeddable":true,"href":"http:\/\/www.dragonframe.com\/es\/wp-json\/wp\/v2\/comments?post=20550"}],"version-history":[{"count":0,"href":"http:\/\/www.dragonframe.com\/es\/wp-json\/wp\/v2\/pages\/20550\/revisions"}],"wp:attachment":[{"href":"http:\/\/www.dragonframe.com\/es\/wp-json\/wp\/v2\/media?parent=20550"}],"curies":[{"name":"palabra clave","href":"https:\/\/api.w.org\/{rel}","templated":true}]}}