{"id":18005,"date":"2016-12-30T22:11:49","date_gmt":"2016-12-30T22:11:49","guid":{"rendered":"http:\/\/dev.dragonframe.com\/?page_id=18005"},"modified":"2025-10-16T13:42:59","modified_gmt":"2025-10-16T20:42:59","slug":"software-activation","status":"publish","type":"page","link":"http:\/\/www.dragonframe.com\/es\/software-activation\/","title":{"rendered":"Activaci\u00f3n de software"},"content":{"rendered":"<div class=\"pageTitle\">\n<h1>Activaci\u00f3n de software<\/h1>\n<\/div>\n\n\n\n<div class=\"sectionTitleBox\" style=\"border: none;\">\n<h1 class=\"sectionTitleBox\">Descripci\u00f3n general de la activaci\u00f3n<\/h1>\n<\/div>\n\n\n\n<div class=\"wp-block-columns is-layout-flex wp-container-core-columns-is-layout-9d6595d7 wp-block-columns-is-layout-flex\">\n<div class=\"wp-block-column is-layout-flow wp-block-column-is-layout-flow\" style=\"flex-basis:60%\">\n<div style=\"color: #939598;\">\n<ul>\n \t<li>Cuando compre una licencia completa, elija <strong>Activar licencia\u2026<\/strong> en el <strong>Ayudar<\/strong> men\u00fa para activar su nueva licencia.\n<ul>\n \t<li>Si su computadora est\u00e1 conectada a Internet, se activar\u00e1 directamente dentro del programa.<\/li>\n \t<li>Si su computadora no est\u00e1 conectada a Internet, le dar\u00e1 una identificaci\u00f3n de m\u00e1quina para usar en el <a href=\"#offline\">Formulario de activaci\u00f3n sin conexi\u00f3n<\/a> abajo.<\/li>\n<\/ul>\n<\/li>\n \t<li>Puede activar una licencia en dos m\u00e1quinas y usarla en una a la vez.<\/li>\n \t<li>Puede transferir una licencia a otra m\u00e1quina en cualquier momento. Usar <strong>Desactivar licencia\u2026<\/strong> en el <strong>Ayudar<\/strong> men\u00fa para desactivar una licencia.<\/li>\n \t<li>Puede encontrar m\u00e1s informaci\u00f3n sobre la activaci\u00f3n, desactivaci\u00f3n y traslado de licencias en nuestro <a href=\"\/es\/faq\/#activation\">Preguntas frecuentes<\/a>.<\/li>\n<\/ul>\n<\/div>\n<\/div>\n<\/div>\n\n\n\n<div id=\"offline\" class=\"sectionTitleBox\" style=\"border: none;\">\n<h1 class=\"sectionTitleBox\">Formulario de activaci\u00f3n sin conexi\u00f3n<\/h1>\n<\/div>\n\n\n\n<div class=\"wp-block-columns is-layout-flex wp-container-core-columns-is-layout-9d6595d7 wp-block-columns-is-layout-flex\">\n<div class=\"wp-block-column is-layout-flow wp-block-column-is-layout-flow\" style=\"flex-basis:60%\">\n<p>Complete este formulario para recibir un c\u00f3digo de activaci\u00f3n para su licencia Dragonframe.\n<br><strong>NOTA:<\/strong> Solo haga esto si la computadora que ejecuta Dragonframe est\u00e1 <i>no<\/i> conectado a Internet.<\/p>\n<div id=\"offlineActivationResponse\" style=\"height: auto;\"><\/div>\n<form id=\"offlineActivationForm\" action=\"\" method=\"post\" data-trp-original-action=\"\"><input name=\"action\" type=\"hidden\" value=\"offlineActivation\" \/>\n<table cellpadding=\"0\" cellspacing=\"0\" border=\"0\">\n<tr>\n<td><label class=\"inputLabel\" for=\"serial\">N\u00famero de serie<\/label><\/td>\n<td><input id=\"serial\" class=\"inputField wide\" name=\"serial\" size=\"40\" type=\"text\" value=\"\" \/><\/td>\n<\/tr>\n<tr>\n<td><label class=\"inputLabel\" for=\"registerTo\">Reg\u00edstrese para<\/label><\/td>\n<td><input id=\"registerTo\" class=\"inputField wide\" name=\"registerTo\" size=\"40\" type=\"text\" value=\"\" \/><\/td>\n<\/tr>\n<tr>\n<td><label class=\"inputLabel\" for=\"email\">Correo electr\u00f3nico<\/label><\/td>\n<td><input id=\"emailaddr\" class=\"inputField\" style=\"width: 250px;\" title=\"Direcci\u00f3n de correo electr\u00f3nico\" name=\"email_address\" type=\"text\" placeholder=\"Direcci\u00f3n de correo electr\u00f3nico\" \/><input id=\"email\" class=\"inputField wide\" name=\"email\" size=\"40\" type=\"text\" value=\"\" \/><\/td>\n<\/tr>\n\n<tr>\n<td colspan=\"2\"><label class=\"inputLabel\" for=\"mid\">Identificador de m\u00e1quina<\/label>\n<br><textarea id=\"mid\" class=\"inputField wide\" cols=\"40\" name=\"mid\" rows=\"5\"><\/textarea>\n<\/td>\n<\/tr>\n<tr>\n<td><label class=\"inputLabel\" for=\"platform\">Plataforma<\/label><\/td>\n<td><select id=\"platform\" name=\"platform\">\n<option value=\"MAC\">Impermeable<\/option>\n<option value=\"WIN\">Ventanas<\/option>\n<option value=\"LIN\">linux<\/option>\n<\/select><\/td>\n<\/tr>\n\n<tr>\n<td colspan=\"2\">\n<div class=\"inputLabel\" style=\"padding-top: 20px;\"><input name=\"submit\" type=\"submit\" value=\"Obtener c\u00f3digo de activaci\u00f3n\" \/><\/div>\n<\/td>\n<\/tr>\n<\/table>\n\n<input type=\"hidden\" name=\"trp-form-language\" value=\"es\"\/><\/form>\n<\/div>\n\n\n\n<div class=\"wp-block-column is-layout-flow wp-block-column-is-layout-flow\" style=\"flex-basis:33.33%\">\n<h3>Campos del formulario de activaci\u00f3n<\/h3>\n<p><i>N\u00famero de serie<\/i> es el n\u00famero de serie que recibi\u00f3 cuando compr\u00f3 Dragonframe o Dragon Stop Motion.<\/p>\n\n<p><i>Reg\u00edstrese para<\/i> es un nombre que le gustar\u00eda asociar con la licencia. Puede ser el nombre de su empresa\/escuela, o su propio nombre.<\/p>\n\n<p><i>Correo electr\u00f3nico<\/i> es la direcci\u00f3n de correo electr\u00f3nico registrada para el n\u00famero de serie.<\/p>\n\n<p><i>Identificador de m\u00e1quina<\/i> es una o m\u00e1s ID de m\u00e1quinas para las que desea c\u00f3digos de activaci\u00f3n. Dragonframe le dir\u00e1 la ID de la m\u00e1quina si no puede activarse directamente a trav\u00e9s de Internet.<\/p>\n\n<p><i>Plataforma<\/i> es el sistema operativo de las computadoras que est\u00e1 activando. Si est\u00e1 activando una combinaci\u00f3n de computadoras Windows y Mac, elija cualquiera.<\/p>\n<\/div>\n<\/div>","protected":false},"excerpt":{"rendered":"<p>Activaci\u00f3n del software. Descripci\u00f3n general de la activaci\u00f3n. Al adquirir una licencia completa, seleccione &quot;Activar licencia...&quot; en el men\u00fa Ayuda para activar su nueva licencia. Si su ordenador est\u00e1 conectado a internet, se activar\u00e1 directamente dentro del programa. Si su ordenador no est\u00e1 conectado a internet, se le proporcionar\u00e1 un ID de equipo para usar... <a title=\"Activaci\u00f3n de software\" class=\"read-more\" href=\"http:\/\/www.dragonframe.com\/es\/software-activation\/\" aria-label=\"Leer m\u00e1s sobre Activaci\u00f3n de Software\">Leer m\u00e1s<\/a><\/p>","protected":false},"author":1,"featured_media":0,"parent":0,"menu_order":0,"comment_status":"closed","ping_status":"closed","template":"","meta":{"footnotes":""},"class_list":{"0":"post-18005","1":"page","2":"type-page","3":"status-publish","5":"no-featured-image-padding"},"_links":{"self":[{"href":"http:\/\/www.dragonframe.com\/es\/wp-json\/wp\/v2\/pages\/18005","targetHints":{"allow":["GET"]}}],"collection":[{"href":"http:\/\/www.dragonframe.com\/es\/wp-json\/wp\/v2\/pages"}],"about":[{"href":"http:\/\/www.dragonframe.com\/es\/wp-json\/wp\/v2\/types\/page"}],"author":[{"embeddable":true,"href":"http:\/\/www.dragonframe.com\/es\/wp-json\/wp\/v2\/users\/1"}],"replies":[{"embeddable":true,"href":"http:\/\/www.dragonframe.com\/es\/wp-json\/wp\/v2\/comments?post=18005"}],"version-history":[{"count":2,"href":"http:\/\/www.dragonframe.com\/es\/wp-json\/wp\/v2\/pages\/18005\/revisions"}],"predecessor-version":[{"id":70758,"href":"http:\/\/www.dragonframe.com\/es\/wp-json\/wp\/v2\/pages\/18005\/revisions\/70758"}],"wp:attachment":[{"href":"http:\/\/www.dragonframe.com\/es\/wp-json\/wp\/v2\/media?parent=18005"}],"curies":[{"name":"palabra clave","href":"https:\/\/api.w.org\/{rel}","templated":true}]}}