{"id":18005,"date":"2016-12-30T22:11:49","date_gmt":"2016-12-30T22:11:49","guid":{"rendered":"http:\/\/dev.dragonframe.com\/?page_id=18005"},"modified":"2025-10-16T13:42:59","modified_gmt":"2025-10-16T20:42:59","slug":"software-activation","status":"publish","type":"page","link":"http:\/\/www.dragonframe.com\/de\/software-activation\/","title":{"rendered":"Software-Aktivierung"},"content":{"rendered":"<div class=\"pageTitle\">\n<h1>Software-Aktivierung<\/h1>\n<\/div>\n\n\n\n<div class=\"sectionTitleBox\" style=\"border: none;\">\n<h1 class=\"sectionTitleBox\">Aktivierungs\u00fcbersicht<\/h1>\n<\/div>\n\n\n\n<div class=\"wp-block-columns is-layout-flex wp-container-core-columns-is-layout-9d6595d7 wp-block-columns-is-layout-flex\">\n<div class=\"wp-block-column is-layout-flow wp-block-column-is-layout-flow\" style=\"flex-basis:60%\">\n<div style=\"color: #939598;\">\n<ul>\n \t<li>W\u00e4hlen Sie beim Kauf einer Volllizenz <strong>Lizenz aktivieren\u2026<\/strong> in dem <strong>Hilfe<\/strong> Men\u00fc, um Ihre neue Lizenz zu aktivieren.\n<ul>\n \t<li>Wenn Ihr Computer mit dem Internet verbunden ist, wird es direkt im Programm aktiviert.<\/li>\n \t<li>Wenn Ihr Computer nicht mit dem Internet verbunden ist, erhalten Sie eine Maschinen-ID, die Sie im verwenden k\u00f6nnen <a href=\"#offline\">Offline-Aktivierungsformular<\/a> unter.<\/li>\n<\/ul>\n<\/li>\n \t<li>Sie d\u00fcrfen eine Lizenz auf zwei Computern aktivieren und auf jeweils einem verwenden.<\/li>\n \t<li>Sie k\u00f6nnen eine Lizenz jederzeit auf einen anderen Computer \u00fcbertragen. Verwenden <strong>Lizenz deaktivieren\u2026<\/strong> in dem <strong>Hilfe<\/strong> Men\u00fc zum Deaktivieren einer Lizenz.<\/li>\n \t<li>Weitere Informationen zum Aktivieren, Deaktivieren und Verschieben von Lizenzen finden Sie in unserem <a href=\"\/de\/faq\/#activation\">H\u00e4ufig gestellte Fragen<\/a>.<\/li>\n<\/ul>\n<\/div>\n<\/div>\n<\/div>\n\n\n\n<div id=\"offline\" class=\"sectionTitleBox\" style=\"border: none;\">\n<h1 class=\"sectionTitleBox\">Offline-Aktivierungsformular<\/h1>\n<\/div>\n\n\n\n<div class=\"wp-block-columns is-layout-flex wp-container-core-columns-is-layout-9d6595d7 wp-block-columns-is-layout-flex\">\n<div class=\"wp-block-column is-layout-flow wp-block-column-is-layout-flow\" style=\"flex-basis:60%\">\n<p>F\u00fcllen Sie dieses Formular aus, um einen Aktivierungscode f\u00fcr Ihre Dragonframe-Lizenz zu erhalten.\n<br><strong>HINWEIS:<\/strong> Tun Sie dies nur, wenn auf dem Computer Dragonframe ausgef\u00fchrt wird <i>nicht<\/i> mit dem Internet verbunden.<\/p>\n<div id=\"offlineActivationResponse\" style=\"height: auto;\"><\/div>\n<form id=\"offlineActivationForm\" action=\"\" method=\"post\" data-trp-original-action=\"\"><input name=\"action\" type=\"hidden\" value=\"offlineActivation\" \/>\n<table cellpadding=\"0\" cellspacing=\"0\" border=\"0\">\n<tr>\n<td><label class=\"inputLabel\" for=\"serial\">Seriennummer<\/label><\/td>\n<td><input id=\"serial\" class=\"inputField wide\" name=\"serial\" size=\"40\" type=\"text\" value=\"\" \/><\/td>\n<\/tr>\n<tr>\n<td><label class=\"inputLabel\" for=\"registerTo\">Registrieren Sie sich bei<\/label><\/td>\n<td><input id=\"registerTo\" class=\"inputField wide\" name=\"registerTo\" size=\"40\" type=\"text\" value=\"\" \/><\/td>\n<\/tr>\n<tr>\n<td><label class=\"inputLabel\" for=\"email\">Email<\/label><\/td>\n<td><input id=\"emailaddr\" class=\"inputField\" style=\"width: 250px;\" title=\"E-Mail-Addresse\" name=\"email_address\" type=\"text\" placeholder=\"E-Mail-Addresse\" \/><input id=\"email\" class=\"inputField wide\" name=\"email\" size=\"40\" type=\"text\" value=\"\" \/><\/td>\n<\/tr>\n\n<tr>\n<td colspan=\"2\"><label class=\"inputLabel\" for=\"mid\">Maschinen ID<\/label>\n<br><textarea id=\"mid\" class=\"inputField wide\" cols=\"40\" name=\"mid\" rows=\"5\"><\/textarea>\n<\/td>\n<\/tr>\n<tr>\n<td><label class=\"inputLabel\" for=\"platform\">Plattform<\/label><\/td>\n<td><select id=\"platform\" name=\"platform\">\n<option value=\"MAC\">Mac<\/option>\n<option value=\"WIN\">Windows<\/option>\n<option value=\"LIN\">Linux<\/option>\n<\/select><\/td>\n<\/tr>\n\n<tr>\n<td colspan=\"2\">\n<div class=\"inputLabel\" style=\"padding-top: 20px;\"><input name=\"submit\" type=\"submit\" value=\"Aktivierungscode erhalten\" \/><\/div>\n<\/td>\n<\/tr>\n<\/table>\n\n<input type=\"hidden\" name=\"trp-form-language\" value=\"de\"\/><\/form>\n<\/div>\n\n\n\n<div class=\"wp-block-column is-layout-flow wp-block-column-is-layout-flow\" style=\"flex-basis:33.33%\">\n<h3>Felder des Aktivierungsformulars<\/h3>\n<p><i>Seriennummer<\/i> ist die Seriennummer, die Sie beim Kauf von Dragonframe oder Dragon Stop Motion erhalten haben.<\/p>\n\n<p><i>Registrieren Sie sich bei<\/i> ist ein Name, den Sie der Lizenz zuordnen m\u00f6chten. Dies kann Ihr Firmen-\/Schulname oder Ihr eigener Name sein.<\/p>\n\n<p><i>Email<\/i> ist die registrierte E-Mail-Adresse f\u00fcr die Seriennummer.<\/p>\n\n<p><i>Maschinen ID<\/i> ist eine oder mehrere Rechner-IDs, f\u00fcr die Sie Aktivierungscodes w\u00fcnschen. Dragonframe teilt Ihnen die Maschinen-ID mit, wenn es nicht direkt \u00fcber das Internet aktiviert werden kann.<\/p>\n\n<p><i>Plattform<\/i> ist das Betriebssystem der Computer, die Sie aktivieren. Wenn Sie eine Mischung aus Windows- und Mac-Computern aktivieren, w\u00e4hlen Sie eine von beiden.<\/p>\n<\/div>\n<\/div>","protected":false},"excerpt":{"rendered":"<p>Softwareaktivierung Aktivierungs\u00fcbersicht: Wenn Sie eine Volllizenz erwerben, w\u00e4hlen Sie im Hilfemen\u00fc \u201eLizenz aktivieren\u2026\u201c, um Ihre neue Lizenz zu aktivieren. Wenn Ihr Computer mit dem Internet verbunden ist, erfolgt die Aktivierung direkt im Programm. Wenn Ihr Computer nicht mit dem Internet verbunden ist, erhalten Sie eine Rechner-ID, die Sie verwenden k\u00f6nnen \u2026 <a title=\"Software-Aktivierung\" class=\"read-more\" href=\"http:\/\/www.dragonframe.com\/de\/software-activation\/\" aria-label=\"Weitere Informationen zur Softwareaktivierung\">Mehr lesen<\/a><\/p>","protected":false},"author":1,"featured_media":0,"parent":0,"menu_order":0,"comment_status":"closed","ping_status":"closed","template":"","meta":{"footnotes":""},"class_list":{"0":"post-18005","1":"page","2":"type-page","3":"status-publish","5":"no-featured-image-padding"},"_links":{"self":[{"href":"http:\/\/www.dragonframe.com\/de\/wp-json\/wp\/v2\/pages\/18005","targetHints":{"allow":["GET"]}}],"collection":[{"href":"http:\/\/www.dragonframe.com\/de\/wp-json\/wp\/v2\/pages"}],"about":[{"href":"http:\/\/www.dragonframe.com\/de\/wp-json\/wp\/v2\/types\/page"}],"author":[{"embeddable":true,"href":"http:\/\/www.dragonframe.com\/de\/wp-json\/wp\/v2\/users\/1"}],"replies":[{"embeddable":true,"href":"http:\/\/www.dragonframe.com\/de\/wp-json\/wp\/v2\/comments?post=18005"}],"version-history":[{"count":2,"href":"http:\/\/www.dragonframe.com\/de\/wp-json\/wp\/v2\/pages\/18005\/revisions"}],"predecessor-version":[{"id":70758,"href":"http:\/\/www.dragonframe.com\/de\/wp-json\/wp\/v2\/pages\/18005\/revisions\/70758"}],"wp:attachment":[{"href":"http:\/\/www.dragonframe.com\/de\/wp-json\/wp\/v2\/media?parent=18005"}],"curies":[{"name":"wp","href":"https:\/\/api.w.org\/{rel}","templated":true}]}}